{"id":803,"date":"2017-06-26T16:13:16","date_gmt":"2017-06-26T15:13:16","guid":{"rendered":"http:\/\/www.ecofirmail.com\/pt\/?page_id=803"},"modified":"2017-06-26T16:13:16","modified_gmt":"2017-06-26T15:13:16","slug":"ecofirma","status":"publish","type":"page","link":"https:\/\/www.ecofirmail.com\/pt\/index.php\/ecofirma\/","title":{"rendered":"Ecofirma"},"content":{"rendered":"<p><iframe title=\"Reabilita\u00e7\u00e3o de Estrutura de Bet\u00e3o - Injec\u00e7\u00e3o de Resinas\" width=\"640\" height=\"360\" src=\"https:\/\/www.youtube.com\/embed\/_nP_jZqXme0?feature=oembed\" frameborder=\"0\" allow=\"accelerometer; autoplay; clipboard-write; encrypted-media; gyroscope; picture-in-picture; web-share\" referrerpolicy=\"strict-origin-when-cross-origin\" allowfullscreen><\/iframe><\/p>\n<p>&nbsp;<\/p>\n","protected":false},"excerpt":{"rendered":"<p>&nbsp;<\/p>\n","protected":false},"author":1,"featured_media":0,"parent":0,"menu_order":0,"comment_status":"closed","ping_status":"closed","template":"","meta":{"footnotes":""},"class_list":["post-803","page","type-page","status-publish","hentry"],"yoast_head":"<!-- This site is optimized with the Yoast SEO plugin v27.4 - https:\/\/yoast.com\/product\/yoast-seo-wordpress\/ -->\n<title>Ecofirma -<\/title>\n<meta name=\"robots\" content=\"index, follow, max-snippet:-1, max-image-preview:large, max-video-preview:-1\" \/>\n<link rel=\"canonical\" href=\"https:\/\/www.ecofirmail.com\/pt\/index.php\/ecofirma\/\" \/>\n<meta property=\"og:locale\" content=\"pt_PT\" \/>\n<meta property=\"og:type\" content=\"article\" \/>\n<meta property=\"og:title\" content=\"Ecofirma -\" \/>\n<meta property=\"og:description\" content=\"&nbsp;\" \/>\n<meta property=\"og:url\" content=\"https:\/\/www.ecofirmail.com\/pt\/index.php\/ecofirma\/\" \/>\n<meta property=\"article:publisher\" content=\"https:\/\/www.facebook.com\/EcoEcofirma\" \/>\n<meta name=\"twitter:card\" content=\"summary_large_image\" \/>\n<script type=\"application\/ld+json\" class=\"yoast-schema-graph\">{\"@context\":\"https:\\\/\\\/schema.org\",\"@graph\":[{\"@type\":\"WebPage\",\"@id\":\"https:\\\/\\\/www.ecofirmail.com\\\/pt\\\/index.php\\\/ecofirma\\\/\",\"url\":\"https:\\\/\\\/www.ecofirmail.com\\\/pt\\\/index.php\\\/ecofirma\\\/\",\"name\":\"Ecofirma -\",\"isPartOf\":{\"@id\":\"https:\\\/\\\/www.ecofirmail.com\\\/pt\\\/#website\"},\"datePublished\":\"2017-06-26T15:13:16+00:00\",\"breadcrumb\":{\"@id\":\"https:\\\/\\\/www.ecofirmail.com\\\/pt\\\/index.php\\\/ecofirma\\\/#breadcrumb\"},\"inLanguage\":\"pt-PT\",\"potentialAction\":[{\"@type\":\"ReadAction\",\"target\":[\"https:\\\/\\\/www.ecofirmail.com\\\/pt\\\/index.php\\\/ecofirma\\\/\"]}]},{\"@type\":\"BreadcrumbList\",\"@id\":\"https:\\\/\\\/www.ecofirmail.com\\\/pt\\\/index.php\\\/ecofirma\\\/#breadcrumb\",\"itemListElement\":[{\"@type\":\"ListItem\",\"position\":1,\"name\":\"In\u00edcio\",\"item\":\"https:\\\/\\\/www.ecofirmail.com\\\/pt\\\/\"},{\"@type\":\"ListItem\",\"position\":2,\"name\":\"Ecofirma\"}]},{\"@type\":\"WebSite\",\"@id\":\"https:\\\/\\\/www.ecofirmail.com\\\/pt\\\/#website\",\"url\":\"https:\\\/\\\/www.ecofirmail.com\\\/pt\\\/\",\"name\":\"\",\"description\":\"\",\"potentialAction\":[{\"@type\":\"SearchAction\",\"target\":{\"@type\":\"EntryPoint\",\"urlTemplate\":\"https:\\\/\\\/www.ecofirmail.com\\\/pt\\\/?s={search_term_string}\"},\"query-input\":{\"@type\":\"PropertyValueSpecification\",\"valueRequired\":true,\"valueName\":\"search_term_string\"}}],\"inLanguage\":\"pt-PT\"}]}<\/script>\n<!-- \/ Yoast SEO plugin. -->","yoast_head_json":{"title":"Ecofirma -","robots":{"index":"index","follow":"follow","max-snippet":"max-snippet:-1","max-image-preview":"max-image-preview:large","max-video-preview":"max-video-preview:-1"},"canonical":"https:\/\/www.ecofirmail.com\/pt\/index.php\/ecofirma\/","og_locale":"pt_PT","og_type":"article","og_title":"Ecofirma -","og_description":"&nbsp;","og_url":"https:\/\/www.ecofirmail.com\/pt\/index.php\/ecofirma\/","article_publisher":"https:\/\/www.facebook.com\/EcoEcofirma","twitter_card":"summary_large_image","schema":{"@context":"https:\/\/schema.org","@graph":[{"@type":"WebPage","@id":"https:\/\/www.ecofirmail.com\/pt\/index.php\/ecofirma\/","url":"https:\/\/www.ecofirmail.com\/pt\/index.php\/ecofirma\/","name":"Ecofirma -","isPartOf":{"@id":"https:\/\/www.ecofirmail.com\/pt\/#website"},"datePublished":"2017-06-26T15:13:16+00:00","breadcrumb":{"@id":"https:\/\/www.ecofirmail.com\/pt\/index.php\/ecofirma\/#breadcrumb"},"inLanguage":"pt-PT","potentialAction":[{"@type":"ReadAction","target":["https:\/\/www.ecofirmail.com\/pt\/index.php\/ecofirma\/"]}]},{"@type":"BreadcrumbList","@id":"https:\/\/www.ecofirmail.com\/pt\/index.php\/ecofirma\/#breadcrumb","itemListElement":[{"@type":"ListItem","position":1,"name":"In\u00edcio","item":"https:\/\/www.ecofirmail.com\/pt\/"},{"@type":"ListItem","position":2,"name":"Ecofirma"}]},{"@type":"WebSite","@id":"https:\/\/www.ecofirmail.com\/pt\/#website","url":"https:\/\/www.ecofirmail.com\/pt\/","name":"","description":"","potentialAction":[{"@type":"SearchAction","target":{"@type":"EntryPoint","urlTemplate":"https:\/\/www.ecofirmail.com\/pt\/?s={search_term_string}"},"query-input":{"@type":"PropertyValueSpecification","valueRequired":true,"valueName":"search_term_string"}}],"inLanguage":"pt-PT"}]}},"_links":{"self":[{"href":"https:\/\/www.ecofirmail.com\/pt\/index.php\/wp-json\/wp\/v2\/pages\/803","targetHints":{"allow":["GET"]}}],"collection":[{"href":"https:\/\/www.ecofirmail.com\/pt\/index.php\/wp-json\/wp\/v2\/pages"}],"about":[{"href":"https:\/\/www.ecofirmail.com\/pt\/index.php\/wp-json\/wp\/v2\/types\/page"}],"author":[{"embeddable":true,"href":"https:\/\/www.ecofirmail.com\/pt\/index.php\/wp-json\/wp\/v2\/users\/1"}],"replies":[{"embeddable":true,"href":"https:\/\/www.ecofirmail.com\/pt\/index.php\/wp-json\/wp\/v2\/comments?post=803"}],"version-history":[{"count":0,"href":"https:\/\/www.ecofirmail.com\/pt\/index.php\/wp-json\/wp\/v2\/pages\/803\/revisions"}],"wp:attachment":[{"href":"https:\/\/www.ecofirmail.com\/pt\/index.php\/wp-json\/wp\/v2\/media?parent=803"}],"curies":[{"name":"wp","href":"https:\/\/api.w.org\/{rel}","templated":true}]}}