{"id":75,"date":"2016-03-08T16:42:05","date_gmt":"2016-03-08T15:42:05","guid":{"rendered":"http:\/\/www.ecofirmail.com\/pt\/?page_id=75"},"modified":"2016-10-17T22:35:05","modified_gmt":"2016-10-17T21:35:05","slug":"equipa-qualificada","status":"publish","type":"page","link":"https:\/\/www.ecofirmail.com\/pt\/index.php\/a-ecofirma\/equipa-qualificada\/","title":{"rendered":"Equipa qualificada"},"content":{"rendered":"<p>Contamos 20 anos de experi\u00eancia acumulada no sector. O conhecimento e a experi\u00eancia de uma equipa altamente qualificada s\u00e3o importantes factores de diferencia\u00e7\u00e3o no mercado, colocadas ao servi\u00e7o dos nossos clientes.<br \/>\nDispomos de um corpo t\u00e9cnico multifacetado. E somos capazes de dar resposta a todos os desafios em tempo \u00fatil, garantindo um servi\u00e7o profissional especializado. A nossa equipa \u00e9 composta tanto por gestores experientes com conhecimento das necessidades actuais e futuras do mercado, como por engenheiros com forma\u00e7\u00e3o em impermeabiliza\u00e7\u00f5es especiais, reabilita\u00e7\u00e3o de estruturas de bet\u00e3o armado, sistemas de abastecimento de \u00e1gua e tratamento de \u00e1guas residuais e desinfec\u00e7\u00f5es, entre outros.<br \/>\nTodos os trabalhos s\u00e3o coordenados por um respons\u00e1vel t\u00e9cnico com forma\u00e7\u00e3o em engenharia e executados por equipas compostas por encarregados e operacionais com forma\u00e7\u00e3o t\u00e9cnica especializada e experi\u00eancia comprovada nas diversas \u00e1reas.<br \/>\nTemos uma rede activa de parceiros e clientes. Para uma experi\u00eancia de sucesso \u00e9 fundamental o ecossistema de parcerias que criamos com outras empresas, fabricantes, fornecedores e projectistas. Aos nossos clientes, asseguramos total controlo de qualidade na execu\u00e7\u00e3o dos nossos trabalhos. Estamos focados em assegurar a confian\u00e7a e a satisfa\u00e7\u00e3o de todos eles.<br \/>\nO nosso mais importante activo s\u00e3o as pessoas. Por isso, apostamos na valoriza\u00e7\u00e3o permanente dos nossos colaboradores e na qualidade do ambiente de trabalho. Promovemos, de forma regular e programada, a forma\u00e7\u00e3o cont\u00ednua do nosso corpo t\u00e9cnico e acompanhamos permanentemente a evolu\u00e7\u00e3o da ind\u00fastria, transmitindo t\u00e9cnicas e conhecimentos inovadores aos nossos t\u00e9cnicos.<\/p>\n","protected":false},"excerpt":{"rendered":"<p>Contamos 20 anos de experi\u00eancia acumulada no sector. O conhecimento e a experi\u00eancia de uma equipa altamente qualificada s\u00e3o importantes factores de diferencia\u00e7\u00e3o no mercado, colocadas ao servi\u00e7o dos nossos clientes. Dispomos de um corpo t\u00e9cnico multifacetado. E&#8230; <a class=\"read-more\" href=\"https:\/\/www.ecofirmail.com\/pt\/index.php\/a-ecofirma\/equipa-qualificada\/\">Saiba Mais<\/a><\/p>\n","protected":false},"author":1,"featured_media":398,"parent":22,"menu_order":0,"comment_status":"closed","ping_status":"closed","template":"","meta":{"footnotes":""},"class_list":["post-75","page","type-page","status-publish","has-post-thumbnail","hentry"],"yoast_head":"<!-- This site is optimized with the Yoast SEO plugin v27.4 - https:\/\/yoast.com\/product\/yoast-seo-wordpress\/ -->\n<title>Equipa qualificada -<\/title>\n<meta name=\"robots\" content=\"index, follow, max-snippet:-1, max-image-preview:large, max-video-preview:-1\" \/>\n<link rel=\"canonical\" href=\"https:\/\/www.ecofirmail.com\/pt\/index.php\/a-ecofirma\/equipa-qualificada\/\" \/>\n<meta property=\"og:locale\" content=\"pt_PT\" \/>\n<meta property=\"og:type\" content=\"article\" \/>\n<meta property=\"og:title\" content=\"Equipa qualificada -\" \/>\n<meta property=\"og:description\" content=\"Contamos 20 anos de experi\u00eancia acumulada no sector. O conhecimento e a experi\u00eancia de uma equipa altamente qualificada s\u00e3o importantes factores de diferencia\u00e7\u00e3o no mercado, colocadas ao servi\u00e7o dos nossos clientes. Dispomos de um corpo t\u00e9cnico multifacetado. E... Saiba Mais\" \/>\n<meta property=\"og:url\" content=\"https:\/\/www.ecofirmail.com\/pt\/index.php\/a-ecofirma\/equipa-qualificada\/\" \/>\n<meta property=\"article:publisher\" content=\"https:\/\/www.facebook.com\/EcoEcofirma\" \/>\n<meta property=\"article:modified_time\" content=\"2016-10-17T21:35:05+00:00\" \/>\n<meta property=\"og:image\" content=\"https:\/\/www.ecofirmail.com\/pt\/wp-content\/uploads\/2016\/03\/header_EquipaQualificada.jpg\" \/>\n\t<meta property=\"og:image:width\" content=\"1680\" \/>\n\t<meta property=\"og:image:height\" content=\"600\" \/>\n\t<meta property=\"og:image:type\" content=\"image\/jpeg\" \/>\n<meta name=\"twitter:card\" content=\"summary_large_image\" \/>\n<meta name=\"twitter:label1\" content=\"Tempo estimado de leitura\" \/>\n\t<meta name=\"twitter:data1\" content=\"1 minuto\" \/>\n<script type=\"application\/ld+json\" class=\"yoast-schema-graph\">{\"@context\":\"https:\\\/\\\/schema.org\",\"@graph\":[{\"@type\":\"WebPage\",\"@id\":\"https:\\\/\\\/www.ecofirmail.com\\\/pt\\\/index.php\\\/a-ecofirma\\\/equipa-qualificada\\\/\",\"url\":\"https:\\\/\\\/www.ecofirmail.com\\\/pt\\\/index.php\\\/a-ecofirma\\\/equipa-qualificada\\\/\",\"name\":\"Equipa qualificada -\",\"isPartOf\":{\"@id\":\"https:\\\/\\\/www.ecofirmail.com\\\/pt\\\/#website\"},\"primaryImageOfPage\":{\"@id\":\"https:\\\/\\\/www.ecofirmail.com\\\/pt\\\/index.php\\\/a-ecofirma\\\/equipa-qualificada\\\/#primaryimage\"},\"image\":{\"@id\":\"https:\\\/\\\/www.ecofirmail.com\\\/pt\\\/index.php\\\/a-ecofirma\\\/equipa-qualificada\\\/#primaryimage\"},\"thumbnailUrl\":\"https:\\\/\\\/www.ecofirmail.com\\\/pt\\\/wp-content\\\/uploads\\\/2016\\\/03\\\/header_EquipaQualificada.jpg\",\"datePublished\":\"2016-03-08T15:42:05+00:00\",\"dateModified\":\"2016-10-17T21:35:05+00:00\",\"breadcrumb\":{\"@id\":\"https:\\\/\\\/www.ecofirmail.com\\\/pt\\\/index.php\\\/a-ecofirma\\\/equipa-qualificada\\\/#breadcrumb\"},\"inLanguage\":\"pt-PT\",\"potentialAction\":[{\"@type\":\"ReadAction\",\"target\":[\"https:\\\/\\\/www.ecofirmail.com\\\/pt\\\/index.php\\\/a-ecofirma\\\/equipa-qualificada\\\/\"]}]},{\"@type\":\"ImageObject\",\"inLanguage\":\"pt-PT\",\"@id\":\"https:\\\/\\\/www.ecofirmail.com\\\/pt\\\/index.php\\\/a-ecofirma\\\/equipa-qualificada\\\/#primaryimage\",\"url\":\"https:\\\/\\\/www.ecofirmail.com\\\/pt\\\/wp-content\\\/uploads\\\/2016\\\/03\\\/header_EquipaQualificada.jpg\",\"contentUrl\":\"https:\\\/\\\/www.ecofirmail.com\\\/pt\\\/wp-content\\\/uploads\\\/2016\\\/03\\\/header_EquipaQualificada.jpg\",\"width\":1680,\"height\":600},{\"@type\":\"BreadcrumbList\",\"@id\":\"https:\\\/\\\/www.ecofirmail.com\\\/pt\\\/index.php\\\/a-ecofirma\\\/equipa-qualificada\\\/#breadcrumb\",\"itemListElement\":[{\"@type\":\"ListItem\",\"position\":1,\"name\":\"In\u00edcio\",\"item\":\"https:\\\/\\\/www.ecofirmail.com\\\/pt\\\/\"},{\"@type\":\"ListItem\",\"position\":2,\"name\":\"A ecofirma IL\",\"item\":\"https:\\\/\\\/www.ecofirmail.com\\\/pt\\\/index.php\\\/a-ecofirma\\\/\"},{\"@type\":\"ListItem\",\"position\":3,\"name\":\"Equipa qualificada\"}]},{\"@type\":\"WebSite\",\"@id\":\"https:\\\/\\\/www.ecofirmail.com\\\/pt\\\/#website\",\"url\":\"https:\\\/\\\/www.ecofirmail.com\\\/pt\\\/\",\"name\":\"\",\"description\":\"\",\"potentialAction\":[{\"@type\":\"SearchAction\",\"target\":{\"@type\":\"EntryPoint\",\"urlTemplate\":\"https:\\\/\\\/www.ecofirmail.com\\\/pt\\\/?s={search_term_string}\"},\"query-input\":{\"@type\":\"PropertyValueSpecification\",\"valueRequired\":true,\"valueName\":\"search_term_string\"}}],\"inLanguage\":\"pt-PT\"}]}<\/script>\n<!-- \/ Yoast SEO plugin. -->","yoast_head_json":{"title":"Equipa qualificada -","robots":{"index":"index","follow":"follow","max-snippet":"max-snippet:-1","max-image-preview":"max-image-preview:large","max-video-preview":"max-video-preview:-1"},"canonical":"https:\/\/www.ecofirmail.com\/pt\/index.php\/a-ecofirma\/equipa-qualificada\/","og_locale":"pt_PT","og_type":"article","og_title":"Equipa qualificada -","og_description":"Contamos 20 anos de experi\u00eancia acumulada no sector. O conhecimento e a experi\u00eancia de uma equipa altamente qualificada s\u00e3o importantes factores de diferencia\u00e7\u00e3o no mercado, colocadas ao servi\u00e7o dos nossos clientes. Dispomos de um corpo t\u00e9cnico multifacetado. E... Saiba Mais","og_url":"https:\/\/www.ecofirmail.com\/pt\/index.php\/a-ecofirma\/equipa-qualificada\/","article_publisher":"https:\/\/www.facebook.com\/EcoEcofirma","article_modified_time":"2016-10-17T21:35:05+00:00","og_image":[{"width":1680,"height":600,"url":"https:\/\/www.ecofirmail.com\/pt\/wp-content\/uploads\/2016\/03\/header_EquipaQualificada.jpg","type":"image\/jpeg"}],"twitter_card":"summary_large_image","twitter_misc":{"Tempo estimado de leitura":"1 minuto"},"schema":{"@context":"https:\/\/schema.org","@graph":[{"@type":"WebPage","@id":"https:\/\/www.ecofirmail.com\/pt\/index.php\/a-ecofirma\/equipa-qualificada\/","url":"https:\/\/www.ecofirmail.com\/pt\/index.php\/a-ecofirma\/equipa-qualificada\/","name":"Equipa qualificada -","isPartOf":{"@id":"https:\/\/www.ecofirmail.com\/pt\/#website"},"primaryImageOfPage":{"@id":"https:\/\/www.ecofirmail.com\/pt\/index.php\/a-ecofirma\/equipa-qualificada\/#primaryimage"},"image":{"@id":"https:\/\/www.ecofirmail.com\/pt\/index.php\/a-ecofirma\/equipa-qualificada\/#primaryimage"},"thumbnailUrl":"https:\/\/www.ecofirmail.com\/pt\/wp-content\/uploads\/2016\/03\/header_EquipaQualificada.jpg","datePublished":"2016-03-08T15:42:05+00:00","dateModified":"2016-10-17T21:35:05+00:00","breadcrumb":{"@id":"https:\/\/www.ecofirmail.com\/pt\/index.php\/a-ecofirma\/equipa-qualificada\/#breadcrumb"},"inLanguage":"pt-PT","potentialAction":[{"@type":"ReadAction","target":["https:\/\/www.ecofirmail.com\/pt\/index.php\/a-ecofirma\/equipa-qualificada\/"]}]},{"@type":"ImageObject","inLanguage":"pt-PT","@id":"https:\/\/www.ecofirmail.com\/pt\/index.php\/a-ecofirma\/equipa-qualificada\/#primaryimage","url":"https:\/\/www.ecofirmail.com\/pt\/wp-content\/uploads\/2016\/03\/header_EquipaQualificada.jpg","contentUrl":"https:\/\/www.ecofirmail.com\/pt\/wp-content\/uploads\/2016\/03\/header_EquipaQualificada.jpg","width":1680,"height":600},{"@type":"BreadcrumbList","@id":"https:\/\/www.ecofirmail.com\/pt\/index.php\/a-ecofirma\/equipa-qualificada\/#breadcrumb","itemListElement":[{"@type":"ListItem","position":1,"name":"In\u00edcio","item":"https:\/\/www.ecofirmail.com\/pt\/"},{"@type":"ListItem","position":2,"name":"A ecofirma IL","item":"https:\/\/www.ecofirmail.com\/pt\/index.php\/a-ecofirma\/"},{"@type":"ListItem","position":3,"name":"Equipa qualificada"}]},{"@type":"WebSite","@id":"https:\/\/www.ecofirmail.com\/pt\/#website","url":"https:\/\/www.ecofirmail.com\/pt\/","name":"","description":"","potentialAction":[{"@type":"SearchAction","target":{"@type":"EntryPoint","urlTemplate":"https:\/\/www.ecofirmail.com\/pt\/?s={search_term_string}"},"query-input":{"@type":"PropertyValueSpecification","valueRequired":true,"valueName":"search_term_string"}}],"inLanguage":"pt-PT"}]}},"_links":{"self":[{"href":"https:\/\/www.ecofirmail.com\/pt\/index.php\/wp-json\/wp\/v2\/pages\/75","targetHints":{"allow":["GET"]}}],"collection":[{"href":"https:\/\/www.ecofirmail.com\/pt\/index.php\/wp-json\/wp\/v2\/pages"}],"about":[{"href":"https:\/\/www.ecofirmail.com\/pt\/index.php\/wp-json\/wp\/v2\/types\/page"}],"author":[{"embeddable":true,"href":"https:\/\/www.ecofirmail.com\/pt\/index.php\/wp-json\/wp\/v2\/users\/1"}],"replies":[{"embeddable":true,"href":"https:\/\/www.ecofirmail.com\/pt\/index.php\/wp-json\/wp\/v2\/comments?post=75"}],"version-history":[{"count":0,"href":"https:\/\/www.ecofirmail.com\/pt\/index.php\/wp-json\/wp\/v2\/pages\/75\/revisions"}],"up":[{"embeddable":true,"href":"https:\/\/www.ecofirmail.com\/pt\/index.php\/wp-json\/wp\/v2\/pages\/22"}],"wp:featuredmedia":[{"embeddable":true,"href":"https:\/\/www.ecofirmail.com\/pt\/index.php\/wp-json\/wp\/v2\/media\/398"}],"wp:attachment":[{"href":"https:\/\/www.ecofirmail.com\/pt\/index.php\/wp-json\/wp\/v2\/media?parent=75"}],"curies":[{"name":"wp","href":"https:\/\/api.w.org\/{rel}","templated":true}]}}