{"id":8096,"date":"2023-07-19T18:29:28","date_gmt":"2023-07-19T17:29:28","guid":{"rendered":"https:\/\/novoecofirmail.erudis.pt\/?page_id=8096"},"modified":"2026-03-16T09:31:41","modified_gmt":"2026-03-16T08:31:41","slug":"quem-somos","status":"publish","type":"page","link":"https:\/\/www.ecofirmail.com\/fr\/quem-somos\/","title":{"rendered":"Qui nous sommes"},"content":{"rendered":"<div data-elementor-type=\"wp-page\" data-elementor-id=\"8096\" class=\"elementor elementor-8096\" data-elementor-post-type=\"page\">\n\t\t\t\t<div class=\"elementor-element elementor-element-a4f5442 e-con-full e-flex e-con e-parent\" data-id=\"a4f5442\" data-element_type=\"container\" data-e-type=\"container\" data-settings=\"{&quot;background_background&quot;:&quot;classic&quot;}\">\n\t\t<div class=\"elementor-element elementor-element-bfae7e1 e-flex e-con-boxed e-con e-child\" data-id=\"bfae7e1\" data-element_type=\"container\" data-e-type=\"container\">\n\t\t\t\t\t<div class=\"e-con-inner\">\n\t\t\t\t<div class=\"elementor-element elementor-element-172bbcb elementor-widget elementor-widget-text-editor\" data-id=\"172bbcb\" data-element_type=\"widget\" data-e-type=\"widget\" data-widget_type=\"text-editor.default\">\n\t\t\t\t<div class=\"elementor-widget-container\">\n\t\t\t\t\t\t\t\t\t<p>Cela nous arrive !<\/p>\t\t\t\t\t\t\t\t<\/div>\n\t\t\t\t<\/div>\n\t\t\t\t\t<\/div>\n\t\t\t\t<\/div>\n\t\t\t\t<\/div>\n\t\t<div class=\"elementor-element elementor-element-45d8ec1 e-flex e-con-boxed e-con e-parent\" data-id=\"45d8ec1\" data-element_type=\"container\" data-e-type=\"container\" data-settings=\"{&quot;background_background&quot;:&quot;classic&quot;}\">\n\t\t\t\t\t<div class=\"e-con-inner\">\n\t\t\t\t<div class=\"elementor-element elementor-element-c813ea0 elementor-widget elementor-widget-text-editor\" data-id=\"c813ea0\" data-element_type=\"widget\" data-e-type=\"widget\" data-widget_type=\"text-editor.default\">\n\t\t\t\t<div class=\"elementor-widget-container\">\n\t\t\t\t\t\t\t\t\t<p data-start=\"213\" data-end=\"503\">A ECOFIRMA Internacional \u00e9 a estrutura de coordena\u00e7\u00e3o do grupo ECOFIRMA, dedicada \u00e0 engenharia, gest\u00e3o e optimiza\u00e7\u00e3o de sistemas de \u00e1gua. Atua como elo t\u00e9cnico entre as v\u00e1rias empresas do grupo, assegurando consist\u00eancia, qualidade e partilha de conhecimento nos mercados onde est\u00e1 presente.<\/p><p data-start=\"505\" data-end=\"850\">A sua atividade abrange a concep\u00e7\u00e3o, execu\u00e7\u00e3o, reabilita\u00e7\u00e3o e manuten\u00e7\u00e3o de infraestruturas hidr\u00e1ulicas, incluindo sistemas de reten\u00e7\u00e3o, tratamento e distribui\u00e7\u00e3o de \u00e1gua, bem como redes de saneamento. Desenvolve solu\u00e7\u00f5es adaptadas a diferentes contextos t\u00e9cnicos e ambientais, com foco na efici\u00eancia e na sustentabilidade dos recursos h\u00eddricos.<\/p><p data-start=\"852\" data-end=\"1230\">Com equipas multidisciplinares qualificadas e uma abordagem orientada para a inova\u00e7\u00e3o e a fiabilidade t\u00e9cnica, a ECOFIRMA Internacional promove a capacita\u00e7\u00e3o de equipas locais e uma vis\u00e3o de longo prazo. A qualidade, a sustentabilidade e a satisfa\u00e7\u00e3o dos clientes orientam a sua atua\u00e7\u00e3o, consolidando a ECOFIRMA como parceira de refer\u00eancia na gest\u00e3o de infraestruturas h\u00eddricas.<\/p>\t\t\t\t\t\t\t\t<\/div>\n\t\t\t\t<\/div>\n\t\t\t\t\t<\/div>\n\t\t\t\t<\/div>\n\t\t<div class=\"elementor-element elementor-element-1318d68 e-flex e-con-boxed e-con e-parent\" data-id=\"1318d68\" data-element_type=\"container\" data-e-type=\"container\">\n\t\t\t\t\t<div class=\"e-con-inner\">\n\t\t<div class=\"elementor-element elementor-element-6d1681d e-con-full e-flex elementor-invisible e-con e-child\" data-id=\"6d1681d\" data-element_type=\"container\" data-e-type=\"container\" data-settings=\"{&quot;background_background&quot;:&quot;classic&quot;,&quot;animation&quot;:&quot;fadeInLeft&quot;}\">\n\t\t\t\t<\/div>\n\t\t<div class=\"elementor-element elementor-element-e5e4ad3 e-con-full animated-slow e-flex elementor-invisible e-con e-child\" data-id=\"e5e4ad3\" data-element_type=\"container\" data-e-type=\"container\" data-settings=\"{&quot;animation&quot;:&quot;fadeIn&quot;}\">\n\t\t\t\t<div class=\"elementor-element elementor-element-750c486 elementor-widget elementor-widget-heading\" data-id=\"750c486\" data-element_type=\"widget\" data-e-type=\"widget\" data-widget_type=\"heading.default\">\n\t\t\t\t<div class=\"elementor-widget-container\">\n\t\t\t\t\t<h2 class=\"elementor-heading-title elementor-size-default\">L&#039;\u00e9quipe<\/h2>\t\t\t\t<\/div>\n\t\t\t\t<\/div>\n\t\t\t\t<div class=\"elementor-element elementor-element-1267223 elementor-widget elementor-widget-text-editor\" data-id=\"1267223\" data-element_type=\"widget\" data-e-type=\"widget\" data-widget_type=\"text-editor.default\">\n\t\t\t\t<div class=\"elementor-widget-container\">\n\t\t\t\t\t\t\t\t\t<p data-start=\"297\" data-end=\"590\">A ECOFIRMA Internacional conta com equipas t\u00e9cnicas altamente qualificadas, com experi\u00eancia consolidada em diferentes \u00e1reas da engenharia da \u00e1gua. O conhecimento t\u00e9cnico e a capacidade de resposta s\u00e3o colocados ao servi\u00e7o dos clientes, assegurando solu\u00e7\u00f5es eficazes e ajustadas a cada desafio.<\/p><p data-start=\"592\" data-end=\"905\">O corpo t\u00e9cnico \u00e9 multidisciplinar e preparado para intervir em contextos exigentes, respondendo com rigor, efici\u00eancia e profissionalismo. A atua\u00e7\u00e3o assenta numa combina\u00e7\u00e3o de gest\u00e3o experiente, planeamento t\u00e9cnico e execu\u00e7\u00e3o especializada, garantindo elevados padr\u00f5es de qualidade em todas as fases dos projetos.<\/p><p data-start=\"907\" data-end=\"1348\">As equipas integram gestores e engenheiros com forma\u00e7\u00e3o em \u00e1reas como sistemas de abastecimento e tratamento de \u00e1gua, reabilita\u00e7\u00e3o de estruturas hidr\u00e1ulicas, impermeabiliza\u00e7\u00f5es t\u00e9cnicas e desinfe\u00e7\u00e3o de infraestruturas. Todos os trabalhos s\u00e3o coordenados por respons\u00e1veis t\u00e9cnicos com forma\u00e7\u00e3o em engenharia e executados por equipas especializadas com experi\u00eancia comprovada, assegurando controlo t\u00e9cnico, seguran\u00e7a e fiabilidade operacional.<\/p>\t\t\t\t\t\t\t\t<\/div>\n\t\t\t\t<\/div>\n\t\t\t\t<\/div>\n\t\t\t\t\t<\/div>\n\t\t\t\t<\/div>\n\t\t<div class=\"elementor-element elementor-element-0488c0e e-flex e-con-boxed e-con e-parent\" data-id=\"0488c0e\" data-element_type=\"container\" data-e-type=\"container\" data-settings=\"{&quot;background_background&quot;:&quot;classic&quot;}\">\n\t\t\t\t\t<div class=\"e-con-inner\">\n\t\t<div class=\"elementor-element elementor-element-273ed8b e-con-full animated-slow e-flex elementor-invisible e-con e-child\" data-id=\"273ed8b\" data-element_type=\"container\" data-e-type=\"container\" data-settings=\"{&quot;animation&quot;:&quot;fadeIn&quot;}\">\n\t\t\t\t<div class=\"elementor-element elementor-element-3628a8d elementor-widget elementor-widget-heading\" data-id=\"3628a8d\" data-element_type=\"widget\" data-e-type=\"widget\" data-widget_type=\"heading.default\">\n\t\t\t\t<div class=\"elementor-widget-container\">\n\t\t\t\t\t<h2 class=\"elementor-heading-title elementor-size-default\">partenaires et clients<\/h2>\t\t\t\t<\/div>\n\t\t\t\t<\/div>\n\t\t\t\t<div class=\"elementor-element elementor-element-6cc16cf elementor-widget elementor-widget-text-editor\" data-id=\"6cc16cf\" data-element_type=\"widget\" data-e-type=\"widget\" data-widget_type=\"text-editor.default\">\n\t\t\t\t<div class=\"elementor-widget-container\">\n\t\t\t\t\t\t\t\t\t<p data-start=\"355\" data-end=\"659\">Temos uma rede ativa de parceiros e clientes, baseada numa rela\u00e7\u00e3o de proximidade, confian\u00e7a e coopera\u00e7\u00e3o t\u00e9cnica. Acreditamos que o ecossistema de parcerias que estabelecemos com empresas, fabricantes, fornecedores e projetistas \u00e9 fundamental para o sucesso e a qualidade das solu\u00e7\u00f5es que desenvolvemos.<\/p><p data-start=\"661\" data-end=\"1013\">Aos nossos clientes, asseguramos um controlo rigoroso da qualidade na execu\u00e7\u00e3o dos trabalhos, garantindo o cumprimento dos requisitos t\u00e9cnicos, dos prazos definidos e das boas pr\u00e1ticas aplic\u00e1veis. A nossa atua\u00e7\u00e3o \u00e9 orientada para a cria\u00e7\u00e3o de rela\u00e7\u00f5es duradouras, assentes na fiabilidade, na transpar\u00eancia e na satisfa\u00e7\u00e3o de todas as partes envolvidas.<\/p><p data-start=\"1015\" data-end=\"1415\">Trabalhamos de forma integrada com os nossos parceiros ao longo de todas as fases dos projetos, promovendo a partilha de conhecimento t\u00e9cnico, a coordena\u00e7\u00e3o eficiente de recursos e a melhoria cont\u00ednua dos processos. Esta abordagem colaborativa permite-nos responder com efic\u00e1cia a desafios complexos e adaptar as solu\u00e7\u00f5es \u00e0s necessidades espec\u00edficas de cada cliente e de cada contexto de interven\u00e7\u00e3o.<\/p>\t\t\t\t\t\t\t\t<\/div>\n\t\t\t\t<\/div>\n\t\t\t\t<\/div>\n\t\t<div class=\"elementor-element elementor-element-79db2c2 e-con-full e-flex elementor-invisible e-con e-child\" data-id=\"79db2c2\" data-element_type=\"container\" data-e-type=\"container\" data-settings=\"{&quot;background_background&quot;:&quot;classic&quot;,&quot;animation&quot;:&quot;fadeInRight&quot;}\">\n\t\t\t\t<\/div>\n\t\t\t\t\t<\/div>\n\t\t\t\t<\/div>\n\t\t<div class=\"elementor-element elementor-element-f78a60b animated-slow e-con-full e-flex elementor-invisible e-con e-parent\" data-id=\"f78a60b\" data-element_type=\"container\" data-e-type=\"container\" data-settings=\"{&quot;animation&quot;:&quot;fadeIn&quot;}\">\n\t\t\t\t<div class=\"elementor-element elementor-element-f803a29 elementor-widget elementor-widget-gallery\" data-id=\"f803a29\" data-element_type=\"widget\" data-e-type=\"widget\" data-settings=\"{&quot;gallery_layout&quot;:&quot;justified&quot;,&quot;gap&quot;:{&quot;unit&quot;:&quot;px&quot;,&quot;size&quot;:19,&quot;sizes&quot;:[]},&quot;ideal_row_height&quot;:{&quot;unit&quot;:&quot;px&quot;,&quot;size&quot;:500,&quot;sizes&quot;:[]},&quot;ideal_row_height_tablet&quot;:{&quot;unit&quot;:&quot;px&quot;,&quot;size&quot;:400,&quot;sizes&quot;:[]},&quot;ideal_row_height_mobile&quot;:{&quot;unit&quot;:&quot;px&quot;,&quot;size&quot;:300,&quot;sizes&quot;:[]},&quot;lazyload&quot;:&quot;yes&quot;,&quot;gap_tablet&quot;:{&quot;unit&quot;:&quot;px&quot;,&quot;size&quot;:10,&quot;sizes&quot;:[]},&quot;gap_mobile&quot;:{&quot;unit&quot;:&quot;px&quot;,&quot;size&quot;:10,&quot;sizes&quot;:[]},&quot;overlay_background&quot;:&quot;yes&quot;,&quot;content_hover_animation&quot;:&quot;fade-in&quot;}\" data-widget_type=\"gallery.default\">\n\t\t\t\t<div class=\"elementor-widget-container\">\n\t\t\t\t\t\t\t<div class=\"elementor-gallery__container\">\n\t\t\t\t\t\t\t<div class=\"e-gallery-item elementor-gallery-item elementor-animated-content\">\n\t\t\t\t\t<div class=\"e-gallery-image elementor-gallery-item__image\" data-thumbnail=\"https:\/\/www.ecofirmail.com\/wp-content\/uploads\/2026\/03\/6.jpg\" data-width=\"800\" data-height=\"959\" aria-label=\"\" role=\"img\" ><\/div>\n\t\t\t\t\t\t\t\t\t\t\t<div class=\"elementor-gallery-item__overlay\"><\/div>\n\t\t\t\t\t\t\t\t\t\t\t\t\t\t<\/div>\n\t\t\t\t\t\t\t<div class=\"e-gallery-item elementor-gallery-item elementor-animated-content\">\n\t\t\t\t\t<div class=\"e-gallery-image elementor-gallery-item__image\" data-thumbnail=\"https:\/\/www.ecofirmail.com\/wp-content\/uploads\/2026\/01\/6.jpg\" data-width=\"800\" data-height=\"941\" aria-label=\"\" role=\"img\" ><\/div>\n\t\t\t\t\t\t\t\t\t\t\t<div class=\"elementor-gallery-item__overlay\"><\/div>\n\t\t\t\t\t\t\t\t\t\t\t\t\t\t<\/div>\n\t\t\t\t\t\t\t<div class=\"e-gallery-item elementor-gallery-item elementor-animated-content\">\n\t\t\t\t\t<div class=\"e-gallery-image elementor-gallery-item__image\" data-thumbnail=\"https:\/\/www.ecofirmail.com\/wp-content\/uploads\/2026\/03\/3.jpg\" data-width=\"900\" data-height=\"1227\" aria-label=\"\" role=\"img\" ><\/div>\n\t\t\t\t\t\t\t\t\t\t\t<div class=\"elementor-gallery-item__overlay\"><\/div>\n\t\t\t\t\t\t\t\t\t\t\t\t\t\t<\/div>\n\t\t\t\t\t\t\t<div class=\"e-gallery-item elementor-gallery-item elementor-animated-content\">\n\t\t\t\t\t<div class=\"e-gallery-image elementor-gallery-item__image\" data-thumbnail=\"https:\/\/www.ecofirmail.com\/wp-content\/uploads\/2026\/01\/12.jpg\" data-width=\"800\" data-height=\"1035\" aria-label=\"\" role=\"img\" ><\/div>\n\t\t\t\t\t\t\t\t\t\t\t<div class=\"elementor-gallery-item__overlay\"><\/div>\n\t\t\t\t\t\t\t\t\t\t\t\t\t\t<\/div>\n\t\t\t\t\t\t\t<div class=\"e-gallery-item elementor-gallery-item elementor-animated-content\">\n\t\t\t\t\t<div class=\"e-gallery-image elementor-gallery-item__image\" data-thumbnail=\"https:\/\/www.ecofirmail.com\/wp-content\/uploads\/2026\/01\/7.jpg\" data-width=\"800\" data-height=\"1067\" aria-label=\"\" role=\"img\" ><\/div>\n\t\t\t\t\t\t\t\t\t\t\t<div class=\"elementor-gallery-item__overlay\"><\/div>\n\t\t\t\t\t\t\t\t\t\t\t\t\t\t<\/div>\n\t\t\t\t\t\t\t<div class=\"e-gallery-item elementor-gallery-item elementor-animated-content\">\n\t\t\t\t\t<div class=\"e-gallery-image elementor-gallery-item__image\" data-thumbnail=\"https:\/\/www.ecofirmail.com\/wp-content\/uploads\/2026\/01\/11.jpg\" data-width=\"800\" data-height=\"1067\" aria-label=\"\" role=\"img\" ><\/div>\n\t\t\t\t\t\t\t\t\t\t\t<div class=\"elementor-gallery-item__overlay\"><\/div>\n\t\t\t\t\t\t\t\t\t\t\t\t\t\t<\/div>\n\t\t\t\t\t\t\t<div class=\"e-gallery-item elementor-gallery-item elementor-animated-content\">\n\t\t\t\t\t<div class=\"e-gallery-image elementor-gallery-item__image\" data-thumbnail=\"https:\/\/www.ecofirmail.com\/wp-content\/uploads\/2026\/03\/1.jpg\" data-width=\"1000\" data-height=\"1155\" aria-label=\"\" role=\"img\" ><\/div>\n\t\t\t\t\t\t\t\t\t\t\t<div class=\"elementor-gallery-item__overlay\"><\/div>\n\t\t\t\t\t\t\t\t\t\t\t\t\t\t<\/div>\n\t\t\t\t\t\t\t<div class=\"e-gallery-item elementor-gallery-item elementor-animated-content\">\n\t\t\t\t\t<div class=\"e-gallery-image elementor-gallery-item__image\" data-thumbnail=\"https:\/\/www.ecofirmail.com\/wp-content\/uploads\/2026\/01\/9.jpg\" data-width=\"800\" data-height=\"1422\" aria-label=\"\" role=\"img\" ><\/div>\n\t\t\t\t\t\t\t\t\t\t\t<div class=\"elementor-gallery-item__overlay\"><\/div>\n\t\t\t\t\t\t\t\t\t\t\t\t\t\t<\/div>\n\t\t\t\t\t\t\t<div class=\"e-gallery-item elementor-gallery-item elementor-animated-content\">\n\t\t\t\t\t<div class=\"e-gallery-image elementor-gallery-item__image\" data-thumbnail=\"https:\/\/www.ecofirmail.com\/wp-content\/uploads\/2026\/03\/2.jpg\" data-width=\"1000\" data-height=\"1347\" aria-label=\"\" role=\"img\" ><\/div>\n\t\t\t\t\t\t\t\t\t\t\t<div class=\"elementor-gallery-item__overlay\"><\/div>\n\t\t\t\t\t\t\t\t\t\t\t\t\t\t<\/div>\n\t\t\t\t\t\t\t<div class=\"e-gallery-item elementor-gallery-item elementor-animated-content\">\n\t\t\t\t\t<div class=\"e-gallery-image elementor-gallery-item__image\" data-thumbnail=\"https:\/\/www.ecofirmail.com\/wp-content\/uploads\/2026\/01\/14.jpg\" data-width=\"800\" data-height=\"1067\" aria-label=\"\" role=\"img\" ><\/div>\n\t\t\t\t\t\t\t\t\t\t\t<div class=\"elementor-gallery-item__overlay\"><\/div>\n\t\t\t\t\t\t\t\t\t\t\t\t\t\t<\/div>\n\t\t\t\t\t\t\t<div class=\"e-gallery-item elementor-gallery-item elementor-animated-content\">\n\t\t\t\t\t<div class=\"e-gallery-image elementor-gallery-item__image\" data-thumbnail=\"https:\/\/www.ecofirmail.com\/wp-content\/uploads\/2026\/03\/5.jpg\" data-width=\"800\" data-height=\"1028\" aria-label=\"\" role=\"img\" ><\/div>\n\t\t\t\t\t\t\t\t\t\t\t<div class=\"elementor-gallery-item__overlay\"><\/div>\n\t\t\t\t\t\t\t\t\t\t\t\t\t\t<\/div>\n\t\t\t\t\t<\/div>\n\t\t\t\t\t<\/div>\n\t\t\t\t<\/div>\n\t\t\t\t<\/div>\n\t\t\t\t<\/div>","protected":false},"excerpt":{"rendered":"<p>est une entreprise sp\u00e9cialis\u00e9e dans les solutions d'approvisionnement, de traitement et de r\u00e9tention d'eau, pr\u00e9sente en Angola depuis 2011.\u00a0<\/p>","protected":false},"author":5,"featured_media":9092,"parent":0,"menu_order":0,"comment_status":"closed","ping_status":"closed","template":"elementor_header_footer","meta":{"footnotes":""},"class_list":["post-8096","page","type-page","status-publish","has-post-thumbnail","hentry"],"yoast_head":"<!-- This site is optimized with the Yoast SEO plugin v27.4 - https:\/\/yoast.com\/product\/yoast-seo-wordpress\/ -->\n<title>ECOFIRMA | Connosco Acontece!<\/title>\n<meta name=\"description\" content=\"A ECOFIRMA \u00e9 uma empresa especializada em solu\u00e7\u00f5es de abastecimento, tratamento e reten\u00e7\u00e3o de \u00e1gua, que opera em Angola desde 2011.\" \/>\n<meta name=\"robots\" content=\"index, follow, max-snippet:-1, max-image-preview:large, max-video-preview:-1\" \/>\n<link rel=\"canonical\" href=\"https:\/\/novoecofirmail.erudis.pt\/empresa__trashed\/quem-somos\/\" \/>\n<meta property=\"og:locale\" content=\"fr_FR\" \/>\n<meta property=\"og:type\" content=\"article\" \/>\n<meta property=\"og:title\" content=\"ECOFIRMA | Connosco Acontece!\" \/>\n<meta property=\"og:description\" content=\"A ECOFIRMA \u00e9 uma empresa especializada em solu\u00e7\u00f5es de abastecimento, tratamento e reten\u00e7\u00e3o de \u00e1gua, que opera em Angola desde 2011.\" \/>\n<meta property=\"og:url\" content=\"https:\/\/novoecofirmail.erudis.pt\/empresa__trashed\/quem-somos\/\" \/>\n<meta property=\"og:site_name\" content=\"ECOFIRMA Internacional\" \/>\n<meta property=\"article:publisher\" content=\"https:\/\/www.facebook.com\/EcoEcofirma\" \/>\n<meta property=\"article:modified_time\" content=\"2026-03-16T08:31:41+00:00\" \/>\n<meta property=\"og:image\" content=\"https:\/\/novoecofirmail.erudis.pt\/wp-content\/uploads\/2024\/01\/ls_ECOFIRMA-Angola-banner-site-1.jpg?_t=1710358129\" \/>\n\t<meta property=\"og:image:width\" content=\"1257\" \/>\n\t<meta property=\"og:image:height\" content=\"817\" \/>\n\t<meta property=\"og:image:type\" content=\"image\/jpeg\" \/>\n<meta name=\"twitter:card\" content=\"summary_large_image\" \/>\n<meta name=\"twitter:label1\" content=\"Dur\u00e9e de lecture estim\u00e9e\" \/>\n\t<meta name=\"twitter:data1\" content=\"11 minutes\" \/>\n<script type=\"application\/ld+json\" class=\"yoast-schema-graph\">{\"@context\":\"https:\\\/\\\/schema.org\",\"@graph\":[{\"@type\":\"WebPage\",\"@id\":\"https:\\\/\\\/novoecofirmail.erudis.pt\\\/empresa__trashed\\\/quem-somos\\\/\",\"url\":\"https:\\\/\\\/novoecofirmail.erudis.pt\\\/empresa__trashed\\\/quem-somos\\\/\",\"name\":\"ECOFIRMA | Connosco Acontece!\",\"isPartOf\":{\"@id\":\"https:\\\/\\\/novoecofirmail.erudis.pt\\\/#website\"},\"primaryImageOfPage\":{\"@id\":\"https:\\\/\\\/novoecofirmail.erudis.pt\\\/empresa__trashed\\\/quem-somos\\\/#primaryimage\"},\"image\":{\"@id\":\"https:\\\/\\\/novoecofirmail.erudis.pt\\\/empresa__trashed\\\/quem-somos\\\/#primaryimage\"},\"thumbnailUrl\":\"https:\\\/\\\/www.ecofirmail.com\\\/wp-content\\\/uploads\\\/2024\\\/01\\\/ls_ECOFIRMA-Angola-banner-site-1.jpg\",\"datePublished\":\"2023-07-19T17:29:28+00:00\",\"dateModified\":\"2026-03-16T08:31:41+00:00\",\"description\":\"A ECOFIRMA \u00e9 uma empresa especializada em solu\u00e7\u00f5es de abastecimento, tratamento e reten\u00e7\u00e3o de \u00e1gua, que opera em Angola desde 2011.\",\"breadcrumb\":{\"@id\":\"https:\\\/\\\/novoecofirmail.erudis.pt\\\/empresa__trashed\\\/quem-somos\\\/#breadcrumb\"},\"inLanguage\":\"fr-FR\",\"potentialAction\":[{\"@type\":\"ReadAction\",\"target\":[\"https:\\\/\\\/novoecofirmail.erudis.pt\\\/empresa__trashed\\\/quem-somos\\\/\"]}]},{\"@type\":\"ImageObject\",\"inLanguage\":\"fr-FR\",\"@id\":\"https:\\\/\\\/novoecofirmail.erudis.pt\\\/empresa__trashed\\\/quem-somos\\\/#primaryimage\",\"url\":\"https:\\\/\\\/www.ecofirmail.com\\\/wp-content\\\/uploads\\\/2024\\\/01\\\/ls_ECOFIRMA-Angola-banner-site-1.jpg\",\"contentUrl\":\"https:\\\/\\\/www.ecofirmail.com\\\/wp-content\\\/uploads\\\/2024\\\/01\\\/ls_ECOFIRMA-Angola-banner-site-1.jpg\",\"width\":1257,\"height\":817},{\"@type\":\"BreadcrumbList\",\"@id\":\"https:\\\/\\\/novoecofirmail.erudis.pt\\\/empresa__trashed\\\/quem-somos\\\/#breadcrumb\",\"itemListElement\":[{\"@type\":\"ListItem\",\"position\":1,\"name\":\"In\u00edcio\",\"item\":\"https:\\\/\\\/novoecofirmail.erudis.pt\\\/\"},{\"@type\":\"ListItem\",\"position\":2,\"name\":\"Quem somos\"}]},{\"@type\":\"WebSite\",\"@id\":\"https:\\\/\\\/novoecofirmail.erudis.pt\\\/#website\",\"url\":\"https:\\\/\\\/novoecofirmail.erudis.pt\\\/\",\"name\":\"ECOFIRMA Internacional\",\"description\":\"Ligamos engenharia, \u00e1gua e sustentabilidade em projetos de elevada exig\u00eancia t\u00e9cnica\",\"publisher\":{\"@id\":\"https:\\\/\\\/novoecofirmail.erudis.pt\\\/#organization\"},\"potentialAction\":[{\"@type\":\"SearchAction\",\"target\":{\"@type\":\"EntryPoint\",\"urlTemplate\":\"https:\\\/\\\/novoecofirmail.erudis.pt\\\/?s={search_term_string}\"},\"query-input\":{\"@type\":\"PropertyValueSpecification\",\"valueRequired\":true,\"valueName\":\"search_term_string\"}}],\"inLanguage\":\"fr-FR\"},{\"@type\":\"Organization\",\"@id\":\"https:\\\/\\\/novoecofirmail.erudis.pt\\\/#organization\",\"name\":\"ECOFIRMA Internacional\",\"url\":\"https:\\\/\\\/novoecofirmail.erudis.pt\\\/\",\"logo\":{\"@type\":\"ImageObject\",\"inLanguage\":\"fr-FR\",\"@id\":\"https:\\\/\\\/novoecofirmail.erudis.pt\\\/#\\\/schema\\\/logo\\\/image\\\/\",\"url\":\"https:\\\/\\\/www.ecofirmail.com\\\/wp-content\\\/uploads\\\/2021\\\/11\\\/ECOFIRMA-INTERNACIONAL-EIL-logo.png\",\"contentUrl\":\"https:\\\/\\\/www.ecofirmail.com\\\/wp-content\\\/uploads\\\/2021\\\/11\\\/ECOFIRMA-INTERNACIONAL-EIL-logo.png\",\"width\":1599,\"height\":675,\"caption\":\"ECOFIRMA Internacional\"},\"image\":{\"@id\":\"https:\\\/\\\/novoecofirmail.erudis.pt\\\/#\\\/schema\\\/logo\\\/image\\\/\"},\"sameAs\":[\"https:\\\/\\\/www.facebook.com\\\/EcoEcofirma\",\"https:\\\/\\\/www.linkedin.com\\\/company\\\/grupoecofirma\"]}]}<\/script>\n<!-- \/ Yoast SEO plugin. -->","yoast_head_json":{"title":"ECOFIRMA | Avec nous, \u00e7a se r\u00e9alise !","description":"est une entreprise sp\u00e9cialis\u00e9e dans les solutions d'approvisionnement, de traitement et de r\u00e9tention d'eau, pr\u00e9sente en Angola depuis 2011.","robots":{"index":"index","follow":"follow","max-snippet":"max-snippet:-1","max-image-preview":"max-image-preview:large","max-video-preview":"max-video-preview:-1"},"canonical":"https:\/\/novoecofirmail.erudis.pt\/empresa__trashed\/quem-somos\/","og_locale":"fr_FR","og_type":"article","og_title":"ECOFIRMA | Connosco Acontece!","og_description":"A ECOFIRMA \u00e9 uma empresa especializada em solu\u00e7\u00f5es de abastecimento, tratamento e reten\u00e7\u00e3o de \u00e1gua, que opera em Angola desde 2011.","og_url":"https:\/\/novoecofirmail.erudis.pt\/empresa__trashed\/quem-somos\/","og_site_name":"ECOFIRMA Internacional","article_publisher":"https:\/\/www.facebook.com\/EcoEcofirma","article_modified_time":"2026-03-16T08:31:41+00:00","og_image":[{"width":1257,"height":817,"url":"https:\/\/novoecofirmail.erudis.pt\/wp-content\/uploads\/2024\/01\/ls_ECOFIRMA-Angola-banner-site-1.jpg?_t=1710358129","type":"image\/jpeg"}],"twitter_card":"summary_large_image","twitter_misc":{"Dur\u00e9e de lecture estim\u00e9e":"11 minutes"},"schema":{"@context":"https:\/\/schema.org","@graph":[{"@type":"WebPage","@id":"https:\/\/novoecofirmail.erudis.pt\/empresa__trashed\/quem-somos\/","url":"https:\/\/novoecofirmail.erudis.pt\/empresa__trashed\/quem-somos\/","name":"ECOFIRMA | Avec nous, \u00e7a se r\u00e9alise !","isPartOf":{"@id":"https:\/\/novoecofirmail.erudis.pt\/#website"},"primaryImageOfPage":{"@id":"https:\/\/novoecofirmail.erudis.pt\/empresa__trashed\/quem-somos\/#primaryimage"},"image":{"@id":"https:\/\/novoecofirmail.erudis.pt\/empresa__trashed\/quem-somos\/#primaryimage"},"thumbnailUrl":"https:\/\/www.ecofirmail.com\/wp-content\/uploads\/2024\/01\/ls_ECOFIRMA-Angola-banner-site-1.jpg","datePublished":"2023-07-19T17:29:28+00:00","dateModified":"2026-03-16T08:31:41+00:00","description":"est une entreprise sp\u00e9cialis\u00e9e dans les solutions d'approvisionnement, de traitement et de r\u00e9tention d'eau, pr\u00e9sente en Angola depuis 2011.","breadcrumb":{"@id":"https:\/\/novoecofirmail.erudis.pt\/empresa__trashed\/quem-somos\/#breadcrumb"},"inLanguage":"fr-FR","potentialAction":[{"@type":"ReadAction","target":["https:\/\/novoecofirmail.erudis.pt\/empresa__trashed\/quem-somos\/"]}]},{"@type":"ImageObject","inLanguage":"fr-FR","@id":"https:\/\/novoecofirmail.erudis.pt\/empresa__trashed\/quem-somos\/#primaryimage","url":"https:\/\/www.ecofirmail.com\/wp-content\/uploads\/2024\/01\/ls_ECOFIRMA-Angola-banner-site-1.jpg","contentUrl":"https:\/\/www.ecofirmail.com\/wp-content\/uploads\/2024\/01\/ls_ECOFIRMA-Angola-banner-site-1.jpg","width":1257,"height":817},{"@type":"BreadcrumbList","@id":"https:\/\/novoecofirmail.erudis.pt\/empresa__trashed\/quem-somos\/#breadcrumb","itemListElement":[{"@type":"ListItem","position":1,"name":"In\u00edcio","item":"https:\/\/novoecofirmail.erudis.pt\/"},{"@type":"ListItem","position":2,"name":"Quem somos"}]},{"@type":"WebSite","@id":"https:\/\/novoecofirmail.erudis.pt\/#website","url":"https:\/\/novoecofirmail.erudis.pt\/","name":"ECOFIRMA Internacional","description":"Ligamos engenharia, \u00e1gua e sustentabilidade em projetos de elevada exig\u00eancia t\u00e9cnica","publisher":{"@id":"https:\/\/novoecofirmail.erudis.pt\/#organization"},"potentialAction":[{"@type":"SearchAction","target":{"@type":"EntryPoint","urlTemplate":"https:\/\/novoecofirmail.erudis.pt\/?s={search_term_string}"},"query-input":{"@type":"PropertyValueSpecification","valueRequired":true,"valueName":"search_term_string"}}],"inLanguage":"fr-FR"},{"@type":"Organization","@id":"https:\/\/novoecofirmail.erudis.pt\/#organization","name":"ECOFIRMA Internacional","url":"https:\/\/novoecofirmail.erudis.pt\/","logo":{"@type":"ImageObject","inLanguage":"fr-FR","@id":"https:\/\/novoecofirmail.erudis.pt\/#\/schema\/logo\/image\/","url":"https:\/\/www.ecofirmail.com\/wp-content\/uploads\/2021\/11\/ECOFIRMA-INTERNACIONAL-EIL-logo.png","contentUrl":"https:\/\/www.ecofirmail.com\/wp-content\/uploads\/2021\/11\/ECOFIRMA-INTERNACIONAL-EIL-logo.png","width":1599,"height":675,"caption":"ECOFIRMA Internacional"},"image":{"@id":"https:\/\/novoecofirmail.erudis.pt\/#\/schema\/logo\/image\/"},"sameAs":["https:\/\/www.facebook.com\/EcoEcofirma","https:\/\/www.linkedin.com\/company\/grupoecofirma"]}]}},"_links":{"self":[{"href":"https:\/\/www.ecofirmail.com\/fr\/wp-json\/wp\/v2\/pages\/8096","targetHints":{"allow":["GET"]}}],"collection":[{"href":"https:\/\/www.ecofirmail.com\/fr\/wp-json\/wp\/v2\/pages"}],"about":[{"href":"https:\/\/www.ecofirmail.com\/fr\/wp-json\/wp\/v2\/types\/page"}],"author":[{"embeddable":true,"href":"https:\/\/www.ecofirmail.com\/fr\/wp-json\/wp\/v2\/users\/5"}],"replies":[{"embeddable":true,"href":"https:\/\/www.ecofirmail.com\/fr\/wp-json\/wp\/v2\/comments?post=8096"}],"version-history":[{"count":30,"href":"https:\/\/www.ecofirmail.com\/fr\/wp-json\/wp\/v2\/pages\/8096\/revisions"}],"predecessor-version":[{"id":10103,"href":"https:\/\/www.ecofirmail.com\/fr\/wp-json\/wp\/v2\/pages\/8096\/revisions\/10103"}],"wp:featuredmedia":[{"embeddable":true,"href":"https:\/\/www.ecofirmail.com\/fr\/wp-json\/wp\/v2\/media\/9092"}],"wp:attachment":[{"href":"https:\/\/www.ecofirmail.com\/fr\/wp-json\/wp\/v2\/media?parent=8096"}],"curies":[{"name":"wp","href":"https:\/\/api.w.org\/{rel}","templated":true}]}}