{"id":10042,"date":"2026-02-21T09:13:20","date_gmt":"2026-02-21T08:13:20","guid":{"rendered":"https:\/\/novoecofirmail.erudis.pt\/?page_id=10042"},"modified":"2026-02-21T10:14:04","modified_gmt":"2026-02-21T09:14:04","slug":"logistica-internacional-exportacoes","status":"publish","type":"page","link":"https:\/\/www.ecofirmail.com\/fr\/servicos\/logistica-internacional-exportacoes\/","title":{"rendered":"Log\u00edstica Internacional e Exporta\u00e7\u00f5es"},"content":{"rendered":"<div data-elementor-type=\"wp-page\" data-elementor-id=\"10042\" class=\"elementor elementor-10042\" data-elementor-post-type=\"page\">\n\t\t\t\t<div class=\"elementor-element elementor-element-a4f5442 e-con-full e-flex e-con e-parent\" data-id=\"a4f5442\" data-element_type=\"container\" data-e-type=\"container\" data-settings=\"{&quot;background_background&quot;:&quot;classic&quot;}\">\n\t\t<div class=\"elementor-element elementor-element-bfae7e1 e-flex e-con-boxed e-con e-child\" data-id=\"bfae7e1\" data-element_type=\"container\" data-e-type=\"container\">\n\t\t\t\t\t<div class=\"e-con-inner\">\n\t\t\t\t<div class=\"elementor-element elementor-element-39e1ad8 elementor-widget elementor-widget-image\" data-id=\"39e1ad8\" data-element_type=\"widget\" data-e-type=\"widget\" id=\"#icon\" data-settings=\"{&quot;motion_fx_motion_fx_mouse&quot;:&quot;yes&quot;,&quot;motion_fx_mouseTrack_effect&quot;:&quot;yes&quot;,&quot;motion_fx_mouseTrack_speed&quot;:{&quot;unit&quot;:&quot;px&quot;,&quot;size&quot;:0.10000000000000001,&quot;sizes&quot;:[]},&quot;motion_fx_tilt_effect&quot;:&quot;yes&quot;,&quot;motion_fx_tilt_speed&quot;:{&quot;unit&quot;:&quot;px&quot;,&quot;size&quot;:2,&quot;sizes&quot;:[]}}\" data-widget_type=\"image.default\">\n\t\t\t\t<div class=\"elementor-widget-container\">\n\t\t\t\t\t\t\t\t\t\t\t\t\t\t\t<img decoding=\"async\" width=\"168\" height=\"168\" src=\"https:\/\/www.ecofirmail.com\/wp-content\/uploads\/2018\/04\/sistemasdeabastecimento00.png\" class=\"attachment-large size-large wp-image-1708\" alt=\"\" srcset=\"https:\/\/www.ecofirmail.com\/wp-content\/uploads\/2018\/04\/sistemasdeabastecimento00.png 168w, https:\/\/www.ecofirmail.com\/wp-content\/uploads\/2018\/04\/sistemasdeabastecimento00-150x150.png 150w\" sizes=\"(max-width: 168px) 100vw, 168px\" \/>\t\t\t\t\t\t\t\t\t\t\t\t\t\t\t<\/div>\n\t\t\t\t<\/div>\n\t\t\t\t<div class=\"elementor-element elementor-element-172bbcb elementor-widget elementor-widget-text-editor\" data-id=\"172bbcb\" data-element_type=\"widget\" data-e-type=\"widget\" data-widget_type=\"text-editor.default\">\n\t\t\t\t<div class=\"elementor-widget-container\">\n\t\t\t\t\t\t\t\t\t<p>Log\u00edstica Internacional e Exporta\u00e7\u00f5es<\/p>\t\t\t\t\t\t\t\t<\/div>\n\t\t\t\t<\/div>\n\t\t\t\t\t<\/div>\n\t\t\t\t<\/div>\n\t\t\t\t<\/div>\n\t\t<div class=\"elementor-element elementor-element-45d8ec1 e-flex e-con-boxed e-con e-parent\" data-id=\"45d8ec1\" data-element_type=\"container\" data-e-type=\"container\" data-settings=\"{&quot;background_background&quot;:&quot;classic&quot;}\">\n\t\t\t\t\t<div class=\"e-con-inner\">\n\t\t\t\t<div class=\"elementor-element elementor-element-c813ea0 elementor-widget elementor-widget-text-editor\" data-id=\"c813ea0\" data-element_type=\"widget\" data-e-type=\"widget\" data-widget_type=\"text-editor.default\">\n\t\t\t\t<div class=\"elementor-widget-container\">\n\t\t\t\t\t\t\t\t\t<p>A ECOFIRMA Internacional presta servi\u00e7os de log\u00edstica internacional e apoio \u00e0 exporta\u00e7\u00e3o, assegurando a articula\u00e7\u00e3o t\u00e9cnica, documental e operacional necess\u00e1ria para a coloca\u00e7\u00e3o de produtos e solu\u00e7\u00f5es em mercados externos. Atuamos como facilitador estrat\u00e9gico no processo de internacionaliza\u00e7\u00e3o de empresas, garantindo organiza\u00e7\u00e3o, efici\u00eancia e conformidade ao longo de toda a cadeia log\u00edstica.<\/p>\t\t\t\t\t\t\t\t<\/div>\n\t\t\t\t<\/div>\n\t\t\t\t\t<\/div>\n\t\t\t\t<\/div>\n\t\t<div class=\"elementor-element elementor-element-1318d68 e-flex e-con-boxed e-con e-parent\" data-id=\"1318d68\" data-element_type=\"container\" data-e-type=\"container\">\n\t\t\t\t\t<div class=\"e-con-inner\">\n\t\t<div class=\"elementor-element elementor-element-6d1681d e-con-full e-flex elementor-invisible e-con e-child\" data-id=\"6d1681d\" data-element_type=\"container\" data-e-type=\"container\" data-settings=\"{&quot;background_background&quot;:&quot;classic&quot;,&quot;animation&quot;:&quot;fadeInLeft&quot;}\">\n\t\t\t\t<\/div>\n\t\t<div class=\"elementor-element elementor-element-e5e4ad3 e-con-full animated-slow e-flex elementor-invisible e-con e-child\" data-id=\"e5e4ad3\" data-element_type=\"container\" data-e-type=\"container\" data-settings=\"{&quot;animation&quot;:&quot;fadeIn&quot;}\">\n\t\t\t\t<div class=\"elementor-element elementor-element-750c486 elementor-widget elementor-widget-heading\" data-id=\"750c486\" data-element_type=\"widget\" data-e-type=\"widget\" data-widget_type=\"heading.default\">\n\t\t\t\t<div class=\"elementor-widget-container\">\n\t\t\t\t\t<h2 class=\"elementor-heading-title elementor-size-default\">Planeamento e Coordena\u00e7\u00e3o Log\u00edstica<\/h2>\t\t\t\t<\/div>\n\t\t\t\t<\/div>\n\t\t\t\t<div class=\"elementor-element elementor-element-1267223 elementor-widget elementor-widget-text-editor\" data-id=\"1267223\" data-element_type=\"widget\" data-e-type=\"widget\" data-widget_type=\"text-editor.default\">\n\t\t\t\t<div class=\"elementor-widget-container\">\n\t\t\t\t\t\t\t\t\t<p data-start=\"848\" data-end=\"1238\">Apoiamos empresas na estrutura\u00e7\u00e3o e planeamento das suas opera\u00e7\u00f5es internacionais, desde a defini\u00e7\u00e3o da estrat\u00e9gia log\u00edstica at\u00e9 \u00e0 coordena\u00e7\u00e3o de transporte, armazenamento e entrega no destino final.<\/p><p data-start=\"848\" data-end=\"1238\">A nossa interven\u00e7\u00e3o assegura o alinhamento entre fornecedores, transportadores, agentes locais e entidades reguladoras, reduzindo riscos operacionais e garantindo previsibilidade nos prazos.<\/p><p data-start=\"1240\" data-end=\"1408\">Cada opera\u00e7\u00e3o \u00e9 analisada de forma individual, considerando as especificidades do produto, os requisitos do mercado de destino e as exig\u00eancias alfandeg\u00e1rias aplic\u00e1veis.<\/p>\t\t\t\t\t\t\t\t<\/div>\n\t\t\t\t<\/div>\n\t\t\t\t<\/div>\n\t\t\t\t\t<\/div>\n\t\t\t\t<\/div>\n\t\t<div class=\"elementor-element elementor-element-0488c0e e-flex e-con-boxed e-con e-parent\" data-id=\"0488c0e\" data-element_type=\"container\" data-e-type=\"container\" data-settings=\"{&quot;background_background&quot;:&quot;classic&quot;}\">\n\t\t\t\t\t<div class=\"e-con-inner\">\n\t\t<div class=\"elementor-element elementor-element-273ed8b e-con-full animated-slow e-flex elementor-invisible e-con e-child\" data-id=\"273ed8b\" data-element_type=\"container\" data-e-type=\"container\" data-settings=\"{&quot;animation&quot;:&quot;fadeIn&quot;}\">\n\t\t\t\t<div class=\"elementor-element elementor-element-3628a8d elementor-widget elementor-widget-heading\" data-id=\"3628a8d\" data-element_type=\"widget\" data-e-type=\"widget\" data-widget_type=\"heading.default\">\n\t\t\t\t<div class=\"elementor-widget-container\">\n\t\t\t\t\t<h2 class=\"elementor-heading-title elementor-size-default\">Gest\u00e3o de Processos de Exporta\u00e7\u00e3o<\/h2>\t\t\t\t<\/div>\n\t\t\t\t<\/div>\n\t\t\t\t<div class=\"elementor-element elementor-element-6cc16cf elementor-widget elementor-widget-text-editor\" data-id=\"6cc16cf\" data-element_type=\"widget\" data-e-type=\"widget\" data-widget_type=\"text-editor.default\">\n\t\t\t\t<div class=\"elementor-widget-container\">\n\t\t\t\t\t\t\t\t\t<p data-start=\"1453\" data-end=\"1724\">A ECOFIRMA Internacional assegura o acompanhamento dos processos administrativos e documentais associados \u00e0 exporta\u00e7\u00e3o, incluindo prepara\u00e7\u00e3o de documenta\u00e7\u00e3o t\u00e9cnica, apoio na certifica\u00e7\u00e3o de produtos, cumprimento de requisitos legais e coordena\u00e7\u00e3o com agentes aduaneiros.<\/p><p data-start=\"1726\" data-end=\"1903\">Este suporte permite \u00e0s empresas focarem-se na sua atividade principal, enquanto garantimos que os procedimentos log\u00edsticos e regulamentares s\u00e3o tratados com rigor e efici\u00eancia.<\/p>\t\t\t\t\t\t\t\t<\/div>\n\t\t\t\t<\/div>\n\t\t\t\t<\/div>\n\t\t<div class=\"elementor-element elementor-element-79db2c2 e-con-full e-flex elementor-invisible e-con e-child\" data-id=\"79db2c2\" data-element_type=\"container\" data-e-type=\"container\" data-settings=\"{&quot;background_background&quot;:&quot;classic&quot;,&quot;animation&quot;:&quot;fadeInRight&quot;}\">\n\t\t\t\t<\/div>\n\t\t\t\t\t<\/div>\n\t\t\t\t<\/div>\n\t\t<div class=\"elementor-element elementor-element-ede7e4a e-flex e-con-boxed e-con e-parent\" data-id=\"ede7e4a\" data-element_type=\"container\" data-e-type=\"container\">\n\t\t\t\t\t<div class=\"e-con-inner\">\n\t\t<div class=\"elementor-element elementor-element-93dd2f4 e-con-full e-flex elementor-invisible e-con e-child\" data-id=\"93dd2f4\" data-element_type=\"container\" data-e-type=\"container\" data-settings=\"{&quot;background_background&quot;:&quot;classic&quot;,&quot;animation&quot;:&quot;fadeInLeft&quot;}\">\n\t\t\t\t<\/div>\n\t\t<div class=\"elementor-element elementor-element-14b89cd e-con-full animated-slow e-flex elementor-invisible e-con e-child\" data-id=\"14b89cd\" data-element_type=\"container\" data-e-type=\"container\" data-settings=\"{&quot;animation&quot;:&quot;fadeIn&quot;}\">\n\t\t\t\t<div class=\"elementor-element elementor-element-bf8da07 elementor-widget elementor-widget-heading\" data-id=\"bf8da07\" data-element_type=\"widget\" data-e-type=\"widget\" data-widget_type=\"heading.default\">\n\t\t\t\t<div class=\"elementor-widget-container\">\n\t\t\t\t\t<h2 class=\"elementor-heading-title elementor-size-default\">Internacionaliza\u00e7\u00e3o e Acesso a Mercados<\/h2>\t\t\t\t<\/div>\n\t\t\t\t<\/div>\n\t\t\t\t<div class=\"elementor-element elementor-element-3a00212 elementor-widget elementor-widget-text-editor\" data-id=\"3a00212\" data-element_type=\"widget\" data-e-type=\"widget\" data-widget_type=\"text-editor.default\">\n\t\t\t\t<div class=\"elementor-widget-container\">\n\t\t\t\t\t\t\t\t\t<p data-start=\"1954\" data-end=\"2323\">Para al\u00e9m da componente log\u00edstica, apoiamos empresas que pretendem expandir a sua atividade para novos mercados, prestando suporte na adapta\u00e7\u00e3o t\u00e9cnica e operacional dos seus produtos \u00e0s exig\u00eancias locais.<\/p><p data-start=\"1954\" data-end=\"2323\">A nossa experi\u00eancia internacional permite identificar oportunidades, antecipar constrangimentos e estruturar solu\u00e7\u00f5es adequadas a diferentes contextos geogr\u00e1ficos.<\/p><p data-start=\"2325\" data-end=\"2511\">Atuamos como parceiro estrat\u00e9gico no processo de entrada e consolida\u00e7\u00e3o em mercados externos, promovendo uma abordagem estruturada, sustent\u00e1vel e orientada para resultados a longo prazo.<\/p>\t\t\t\t\t\t\t\t<\/div>\n\t\t\t\t<\/div>\n\t\t\t\t<\/div>\n\t\t\t\t\t<\/div>\n\t\t\t\t<\/div>\n\t\t\t\t<\/div>","protected":false},"excerpt":{"rendered":"<p>Nous nous engageons \u00e0 fournir des solutions compl\u00e8tes et des services de haute qualit\u00e9 pour r\u00e9pondre aux besoins de nos clients du secteur de l&#039;approvisionnement et du traitement de l&#039;eau.\u00a0<\/p>","protected":false},"author":4,"featured_media":8632,"parent":1255,"menu_order":0,"comment_status":"closed","ping_status":"closed","template":"elementor_header_footer","meta":{"footnotes":""},"class_list":["post-10042","page","type-page","status-publish","has-post-thumbnail","hentry"],"yoast_head":"<!-- This site is optimized with the Yoast SEO plugin v27.4 - https:\/\/yoast.com\/product\/yoast-seo-wordpress\/ -->\n<title>Sistemas de Abastecimento e Tratamento de \u00c1guas<\/title>\n<meta name=\"description\" content=\"Concep\u00e7\u00e3o, constru\u00e7\u00e3o, diagn\u00f3stico, repara\u00e7\u00e3o e manuten\u00e7\u00e3o de sistemas de abastecimento e tratamento de \u00e1guas.\" \/>\n<meta name=\"robots\" content=\"index, follow, max-snippet:-1, max-image-preview:large, max-video-preview:-1\" \/>\n<link rel=\"canonical\" href=\"https:\/\/novoecofirmail.erudis.pt\/servicos\/logistica-internacional-exportacoes\/\" \/>\n<meta property=\"og:locale\" content=\"fr_FR\" \/>\n<meta property=\"og:type\" content=\"article\" \/>\n<meta property=\"og:title\" content=\"Sistemas de Abastecimento e Tratamento de \u00c1guas\" \/>\n<meta property=\"og:description\" content=\"Concep\u00e7\u00e3o, constru\u00e7\u00e3o, diagn\u00f3stico, repara\u00e7\u00e3o e manuten\u00e7\u00e3o de sistemas de abastecimento e tratamento de \u00e1guas.\" \/>\n<meta property=\"og:url\" content=\"https:\/\/novoecofirmail.erudis.pt\/servicos\/logistica-internacional-exportacoes\/\" \/>\n<meta property=\"og:site_name\" content=\"ECOFIRMA Internacional\" \/>\n<meta property=\"article:publisher\" content=\"https:\/\/www.facebook.com\/EcoEcofirma\" \/>\n<meta property=\"article:modified_time\" content=\"2026-02-21T09:14:04+00:00\" \/>\n<meta property=\"og:image\" content=\"https:\/\/novoecofirmail.erudis.pt\/wp-content\/uploads\/2023\/08\/psd1\u00a7.jpg\" \/>\n\t<meta property=\"og:image:width\" content=\"2395\" \/>\n\t<meta property=\"og:image:height\" content=\"1596\" \/>\n\t<meta property=\"og:image:type\" content=\"image\/jpeg\" \/>\n<meta name=\"twitter:card\" content=\"summary_large_image\" \/>\n<meta name=\"twitter:label1\" content=\"Dur\u00e9e de lecture estim\u00e9e\" \/>\n\t<meta name=\"twitter:data1\" content=\"2 minutes\" \/>\n<script type=\"application\/ld+json\" class=\"yoast-schema-graph\">{\"@context\":\"https:\\\/\\\/schema.org\",\"@graph\":[{\"@type\":\"WebPage\",\"@id\":\"https:\\\/\\\/novoecofirmail.erudis.pt\\\/servicos\\\/logistica-internacional-exportacoes\\\/\",\"url\":\"https:\\\/\\\/novoecofirmail.erudis.pt\\\/servicos\\\/logistica-internacional-exportacoes\\\/\",\"name\":\"Sistemas de Abastecimento e Tratamento de \u00c1guas\",\"isPartOf\":{\"@id\":\"https:\\\/\\\/novoecofirmail.erudis.pt\\\/#website\"},\"primaryImageOfPage\":{\"@id\":\"https:\\\/\\\/novoecofirmail.erudis.pt\\\/servicos\\\/logistica-internacional-exportacoes\\\/#primaryimage\"},\"image\":{\"@id\":\"https:\\\/\\\/novoecofirmail.erudis.pt\\\/servicos\\\/logistica-internacional-exportacoes\\\/#primaryimage\"},\"thumbnailUrl\":\"https:\\\/\\\/www.ecofirmail.com\\\/wp-content\\\/uploads\\\/2023\\\/08\\\/psd1\u00a7.jpg\",\"datePublished\":\"2026-02-21T08:13:20+00:00\",\"dateModified\":\"2026-02-21T09:14:04+00:00\",\"description\":\"Concep\u00e7\u00e3o, constru\u00e7\u00e3o, diagn\u00f3stico, repara\u00e7\u00e3o e manuten\u00e7\u00e3o de sistemas de abastecimento e tratamento de \u00e1guas.\",\"breadcrumb\":{\"@id\":\"https:\\\/\\\/novoecofirmail.erudis.pt\\\/servicos\\\/logistica-internacional-exportacoes\\\/#breadcrumb\"},\"inLanguage\":\"fr-FR\",\"potentialAction\":[{\"@type\":\"ReadAction\",\"target\":[\"https:\\\/\\\/novoecofirmail.erudis.pt\\\/servicos\\\/logistica-internacional-exportacoes\\\/\"]}]},{\"@type\":\"ImageObject\",\"inLanguage\":\"fr-FR\",\"@id\":\"https:\\\/\\\/novoecofirmail.erudis.pt\\\/servicos\\\/logistica-internacional-exportacoes\\\/#primaryimage\",\"url\":\"https:\\\/\\\/www.ecofirmail.com\\\/wp-content\\\/uploads\\\/2023\\\/08\\\/psd1\u00a7.jpg\",\"contentUrl\":\"https:\\\/\\\/www.ecofirmail.com\\\/wp-content\\\/uploads\\\/2023\\\/08\\\/psd1\u00a7.jpg\",\"width\":2395,\"height\":1596},{\"@type\":\"BreadcrumbList\",\"@id\":\"https:\\\/\\\/novoecofirmail.erudis.pt\\\/servicos\\\/logistica-internacional-exportacoes\\\/#breadcrumb\",\"itemListElement\":[{\"@type\":\"ListItem\",\"position\":1,\"name\":\"In\u00edcio\",\"item\":\"https:\\\/\\\/novoecofirmail.erudis.pt\\\/\"},{\"@type\":\"ListItem\",\"position\":2,\"name\":\"Os nossos servi\u00e7os\",\"item\":\"https:\\\/\\\/novoecofirmail.erudis.pt\\\/servicos\\\/\"},{\"@type\":\"ListItem\",\"position\":3,\"name\":\"Log\u00edstica Internacional e Exporta\u00e7\u00f5es\"}]},{\"@type\":\"WebSite\",\"@id\":\"https:\\\/\\\/novoecofirmail.erudis.pt\\\/#website\",\"url\":\"https:\\\/\\\/novoecofirmail.erudis.pt\\\/\",\"name\":\"ECOFIRMA Internacional\",\"description\":\"Ligamos engenharia, \u00e1gua e sustentabilidade em projetos de elevada exig\u00eancia t\u00e9cnica\",\"publisher\":{\"@id\":\"https:\\\/\\\/novoecofirmail.erudis.pt\\\/#organization\"},\"potentialAction\":[{\"@type\":\"SearchAction\",\"target\":{\"@type\":\"EntryPoint\",\"urlTemplate\":\"https:\\\/\\\/novoecofirmail.erudis.pt\\\/?s={search_term_string}\"},\"query-input\":{\"@type\":\"PropertyValueSpecification\",\"valueRequired\":true,\"valueName\":\"search_term_string\"}}],\"inLanguage\":\"fr-FR\"},{\"@type\":\"Organization\",\"@id\":\"https:\\\/\\\/novoecofirmail.erudis.pt\\\/#organization\",\"name\":\"ECOFIRMA Internacional\",\"url\":\"https:\\\/\\\/novoecofirmail.erudis.pt\\\/\",\"logo\":{\"@type\":\"ImageObject\",\"inLanguage\":\"fr-FR\",\"@id\":\"https:\\\/\\\/novoecofirmail.erudis.pt\\\/#\\\/schema\\\/logo\\\/image\\\/\",\"url\":\"https:\\\/\\\/www.ecofirmail.com\\\/wp-content\\\/uploads\\\/2021\\\/11\\\/ECOFIRMA-INTERNACIONAL-EIL-logo.png\",\"contentUrl\":\"https:\\\/\\\/www.ecofirmail.com\\\/wp-content\\\/uploads\\\/2021\\\/11\\\/ECOFIRMA-INTERNACIONAL-EIL-logo.png\",\"width\":1599,\"height\":675,\"caption\":\"ECOFIRMA Internacional\"},\"image\":{\"@id\":\"https:\\\/\\\/novoecofirmail.erudis.pt\\\/#\\\/schema\\\/logo\\\/image\\\/\"},\"sameAs\":[\"https:\\\/\\\/www.facebook.com\\\/EcoEcofirma\",\"https:\\\/\\\/www.linkedin.com\\\/company\\\/grupoecofirma\"]}]}<\/script>\n<!-- \/ Yoast SEO plugin. -->","yoast_head_json":{"title":"Sistemas de Abastecimento e Tratamento de \u00c1guas","description":"Concep\u00e7\u00e3o, constru\u00e7\u00e3o, diagn\u00f3stico, repara\u00e7\u00e3o e manuten\u00e7\u00e3o de sistemas de abastecimento e tratamento de \u00e1guas.","robots":{"index":"index","follow":"follow","max-snippet":"max-snippet:-1","max-image-preview":"max-image-preview:large","max-video-preview":"max-video-preview:-1"},"canonical":"https:\/\/novoecofirmail.erudis.pt\/servicos\/logistica-internacional-exportacoes\/","og_locale":"fr_FR","og_type":"article","og_title":"Sistemas de Abastecimento e Tratamento de \u00c1guas","og_description":"Concep\u00e7\u00e3o, constru\u00e7\u00e3o, diagn\u00f3stico, repara\u00e7\u00e3o e manuten\u00e7\u00e3o de sistemas de abastecimento e tratamento de \u00e1guas.","og_url":"https:\/\/novoecofirmail.erudis.pt\/servicos\/logistica-internacional-exportacoes\/","og_site_name":"ECOFIRMA Internacional","article_publisher":"https:\/\/www.facebook.com\/EcoEcofirma","article_modified_time":"2026-02-21T09:14:04+00:00","og_image":[{"width":2395,"height":1596,"url":"https:\/\/novoecofirmail.erudis.pt\/wp-content\/uploads\/2023\/08\/psd1\u00a7.jpg","type":"image\/jpeg"}],"twitter_card":"summary_large_image","twitter_misc":{"Dur\u00e9e de lecture estim\u00e9e":"2 minutes"},"schema":{"@context":"https:\/\/schema.org","@graph":[{"@type":"WebPage","@id":"https:\/\/novoecofirmail.erudis.pt\/servicos\/logistica-internacional-exportacoes\/","url":"https:\/\/novoecofirmail.erudis.pt\/servicos\/logistica-internacional-exportacoes\/","name":"Sistemas de Abastecimento e Tratamento de \u00c1guas","isPartOf":{"@id":"https:\/\/novoecofirmail.erudis.pt\/#website"},"primaryImageOfPage":{"@id":"https:\/\/novoecofirmail.erudis.pt\/servicos\/logistica-internacional-exportacoes\/#primaryimage"},"image":{"@id":"https:\/\/novoecofirmail.erudis.pt\/servicos\/logistica-internacional-exportacoes\/#primaryimage"},"thumbnailUrl":"https:\/\/www.ecofirmail.com\/wp-content\/uploads\/2023\/08\/psd1\u00a7.jpg","datePublished":"2026-02-21T08:13:20+00:00","dateModified":"2026-02-21T09:14:04+00:00","description":"Concep\u00e7\u00e3o, constru\u00e7\u00e3o, diagn\u00f3stico, repara\u00e7\u00e3o e manuten\u00e7\u00e3o de sistemas de abastecimento e tratamento de \u00e1guas.","breadcrumb":{"@id":"https:\/\/novoecofirmail.erudis.pt\/servicos\/logistica-internacional-exportacoes\/#breadcrumb"},"inLanguage":"fr-FR","potentialAction":[{"@type":"ReadAction","target":["https:\/\/novoecofirmail.erudis.pt\/servicos\/logistica-internacional-exportacoes\/"]}]},{"@type":"ImageObject","inLanguage":"fr-FR","@id":"https:\/\/novoecofirmail.erudis.pt\/servicos\/logistica-internacional-exportacoes\/#primaryimage","url":"https:\/\/www.ecofirmail.com\/wp-content\/uploads\/2023\/08\/psd1\u00a7.jpg","contentUrl":"https:\/\/www.ecofirmail.com\/wp-content\/uploads\/2023\/08\/psd1\u00a7.jpg","width":2395,"height":1596},{"@type":"BreadcrumbList","@id":"https:\/\/novoecofirmail.erudis.pt\/servicos\/logistica-internacional-exportacoes\/#breadcrumb","itemListElement":[{"@type":"ListItem","position":1,"name":"In\u00edcio","item":"https:\/\/novoecofirmail.erudis.pt\/"},{"@type":"ListItem","position":2,"name":"Os nossos servi\u00e7os","item":"https:\/\/novoecofirmail.erudis.pt\/servicos\/"},{"@type":"ListItem","position":3,"name":"Log\u00edstica Internacional e Exporta\u00e7\u00f5es"}]},{"@type":"WebSite","@id":"https:\/\/novoecofirmail.erudis.pt\/#website","url":"https:\/\/novoecofirmail.erudis.pt\/","name":"ECOFIRMA Internacional","description":"Ligamos engenharia, \u00e1gua e sustentabilidade em projetos de elevada exig\u00eancia t\u00e9cnica","publisher":{"@id":"https:\/\/novoecofirmail.erudis.pt\/#organization"},"potentialAction":[{"@type":"SearchAction","target":{"@type":"EntryPoint","urlTemplate":"https:\/\/novoecofirmail.erudis.pt\/?s={search_term_string}"},"query-input":{"@type":"PropertyValueSpecification","valueRequired":true,"valueName":"search_term_string"}}],"inLanguage":"fr-FR"},{"@type":"Organization","@id":"https:\/\/novoecofirmail.erudis.pt\/#organization","name":"ECOFIRMA Internacional","url":"https:\/\/novoecofirmail.erudis.pt\/","logo":{"@type":"ImageObject","inLanguage":"fr-FR","@id":"https:\/\/novoecofirmail.erudis.pt\/#\/schema\/logo\/image\/","url":"https:\/\/www.ecofirmail.com\/wp-content\/uploads\/2021\/11\/ECOFIRMA-INTERNACIONAL-EIL-logo.png","contentUrl":"https:\/\/www.ecofirmail.com\/wp-content\/uploads\/2021\/11\/ECOFIRMA-INTERNACIONAL-EIL-logo.png","width":1599,"height":675,"caption":"ECOFIRMA Internacional"},"image":{"@id":"https:\/\/novoecofirmail.erudis.pt\/#\/schema\/logo\/image\/"},"sameAs":["https:\/\/www.facebook.com\/EcoEcofirma","https:\/\/www.linkedin.com\/company\/grupoecofirma"]}]}},"_links":{"self":[{"href":"https:\/\/www.ecofirmail.com\/fr\/wp-json\/wp\/v2\/pages\/10042","targetHints":{"allow":["GET"]}}],"collection":[{"href":"https:\/\/www.ecofirmail.com\/fr\/wp-json\/wp\/v2\/pages"}],"about":[{"href":"https:\/\/www.ecofirmail.com\/fr\/wp-json\/wp\/v2\/types\/page"}],"author":[{"embeddable":true,"href":"https:\/\/www.ecofirmail.com\/fr\/wp-json\/wp\/v2\/users\/4"}],"replies":[{"embeddable":true,"href":"https:\/\/www.ecofirmail.com\/fr\/wp-json\/wp\/v2\/comments?post=10042"}],"version-history":[{"count":7,"href":"https:\/\/www.ecofirmail.com\/fr\/wp-json\/wp\/v2\/pages\/10042\/revisions"}],"predecessor-version":[{"id":10086,"href":"https:\/\/www.ecofirmail.com\/fr\/wp-json\/wp\/v2\/pages\/10042\/revisions\/10086"}],"up":[{"embeddable":true,"href":"https:\/\/www.ecofirmail.com\/fr\/wp-json\/wp\/v2\/pages\/1255"}],"wp:featuredmedia":[{"embeddable":true,"href":"https:\/\/www.ecofirmail.com\/fr\/wp-json\/wp\/v2\/media\/8632"}],"wp:attachment":[{"href":"https:\/\/www.ecofirmail.com\/fr\/wp-json\/wp\/v2\/media?parent=10042"}],"curies":[{"name":"wp","href":"https:\/\/api.w.org\/{rel}","templated":true}]}}