{"id":9759,"date":"2024-10-26T11:09:31","date_gmt":"2024-10-26T10:09:31","guid":{"rendered":"https:\/\/novoecofirmail.erudis.pt\/?page_id=9759"},"modified":"2025-08-22T08:02:18","modified_gmt":"2025-08-22T07:02:18","slug":"videos","status":"publish","type":"page","link":"https:\/\/www.ecofirmail.com\/en\/videos\/","title":{"rendered":"Videos"},"content":{"rendered":"<div data-elementor-type=\"wp-page\" data-elementor-id=\"9759\" class=\"elementor elementor-9759\" data-elementor-post-type=\"page\">\n\t\t\t\t<div class=\"elementor-element elementor-element-23b0b0b e-con-full e-flex e-con e-parent\" data-id=\"23b0b0b\" data-element_type=\"container\" data-e-type=\"container\" data-settings=\"{&quot;background_background&quot;:&quot;video&quot;,&quot;background_video_link&quot;:&quot;https:\\\/\\\/www.youtube.com\\\/watch?v=aPOy7JP7xhA&quot;,&quot;background_video_start&quot;:10,&quot;background_video_end&quot;:20,&quot;background_play_on_mobile&quot;:&quot;yes&quot;,&quot;background_privacy_mode&quot;:&quot;yes&quot;}\">\n\t\t<div class=\"elementor-background-video-container\">\n\t\t\t\t\t\t\t<div class=\"elementor-background-video-embed\" role=\"presentation\"><\/div>\n\t\t\t\t\t\t<\/div><div class=\"elementor-element elementor-element-3a180d2 e-flex e-con-boxed e-con e-child\" data-id=\"3a180d2\" data-element_type=\"container\" data-e-type=\"container\">\n\t\t\t\t\t<div class=\"e-con-inner\">\n\t\t\t\t<div class=\"elementor-element elementor-element-58774a8 elementor-widget elementor-widget-text-editor\" data-id=\"58774a8\" data-element_type=\"widget\" data-e-type=\"widget\" data-widget_type=\"text-editor.default\">\n\t\t\t\t<div class=\"elementor-widget-container\">\n\t\t\t\t\t\t\t\t\t<p>Videos<\/p>\t\t\t\t\t\t\t\t<\/div>\n\t\t\t\t<\/div>\n\t\t\t\t\t<\/div>\n\t\t\t\t<\/div>\n\t\t\t\t<\/div>\n\t\t<div class=\"elementor-element elementor-element-e6c2aa2 e-flex e-con-boxed e-con e-parent\" data-id=\"e6c2aa2\" data-element_type=\"container\" data-e-type=\"container\">\n\t\t\t\t\t<div class=\"e-con-inner\">\n\t\t<div class=\"elementor-element elementor-element-c47a33d e-con-full e-flex e-con e-child\" data-id=\"c47a33d\" data-element_type=\"container\" data-e-type=\"container\" data-settings=\"{&quot;background_background&quot;:&quot;slideshow&quot;,&quot;background_slideshow_transition_duration&quot;:1000,&quot;background_slideshow_gallery&quot;:[],&quot;background_slideshow_loop&quot;:&quot;yes&quot;,&quot;background_slideshow_slide_duration&quot;:5000,&quot;background_slideshow_slide_transition&quot;:&quot;fade&quot;}\">\n\t\t\t\t<div class=\"elementor-element elementor-element-95d1f62 elementor-widget elementor-widget-video\" data-id=\"95d1f62\" data-element_type=\"widget\" data-e-type=\"widget\" data-settings=\"{&quot;youtube_url&quot;:&quot;https:\\\/\\\/www.youtube.com\\\/watch?v=aPOy7JP7xhA&quot;,&quot;lazy_load&quot;:&quot;yes&quot;,&quot;video_type&quot;:&quot;youtube&quot;,&quot;controls&quot;:&quot;yes&quot;}\" data-widget_type=\"video.default\">\n\t\t\t\t<div class=\"elementor-widget-container\">\n\t\t\t\t\t\t\t<div class=\"elementor-wrapper elementor-open-inline\">\n\t\t\t<div class=\"elementor-video\"><\/div>\t\t<\/div>\n\t\t\t\t\t\t<\/div>\n\t\t\t\t<\/div>\n\t\t\t\t<div class=\"elementor-element elementor-element-1a5cfeb elementor-widget elementor-widget-text-editor\" data-id=\"1a5cfeb\" data-element_type=\"widget\" data-e-type=\"widget\" data-widget_type=\"text-editor.default\">\n\t\t\t\t<div class=\"elementor-widget-container\">\n\t\t\t\t\t\t\t\t\t<p>Pump and Valve Repair and Maintenance Workshop<\/p>\t\t\t\t\t\t\t\t<\/div>\n\t\t\t\t<\/div>\n\t\t\t\t<\/div>\n\t\t<div class=\"elementor-element elementor-element-a8a47d4 e-con-full e-flex e-con e-child\" data-id=\"a8a47d4\" data-element_type=\"container\" data-e-type=\"container\" data-settings=\"{&quot;background_background&quot;:&quot;slideshow&quot;,&quot;background_slideshow_transition_duration&quot;:1000,&quot;background_slideshow_gallery&quot;:[],&quot;background_slideshow_loop&quot;:&quot;yes&quot;,&quot;background_slideshow_slide_duration&quot;:5000,&quot;background_slideshow_slide_transition&quot;:&quot;fade&quot;}\">\n\t\t\t\t<div class=\"elementor-element elementor-element-297f723 elementor-widget elementor-widget-video\" data-id=\"297f723\" data-element_type=\"widget\" data-e-type=\"widget\" data-settings=\"{&quot;youtube_url&quot;:&quot;https:\\\/\\\/www.youtube.com\\\/watch?v=3_b5skRir8g&quot;,&quot;lazy_load&quot;:&quot;yes&quot;,&quot;video_type&quot;:&quot;youtube&quot;,&quot;controls&quot;:&quot;yes&quot;}\" data-widget_type=\"video.default\">\n\t\t\t\t<div class=\"elementor-widget-container\">\n\t\t\t\t\t\t\t<div class=\"elementor-wrapper elementor-open-inline\">\n\t\t\t<div class=\"elementor-video\"><\/div>\t\t<\/div>\n\t\t\t\t\t\t<\/div>\n\t\t\t\t<\/div>\n\t\t\t\t<div class=\"elementor-element elementor-element-268bc54 elementor-widget elementor-widget-text-editor\" data-id=\"268bc54\" data-element_type=\"widget\" data-e-type=\"widget\" data-widget_type=\"text-editor.default\">\n\t\t\t\t<div class=\"elementor-widget-container\">\n\t\t\t\t\t\t\t\t\tSelected and Calibrated Sands\t\t\t\t\t\t\t\t<\/div>\n\t\t\t\t<\/div>\n\t\t\t\t<\/div>\n\t\t\t\t\t<\/div>\n\t\t\t\t<\/div>\n\t\t<div class=\"elementor-element elementor-element-937b2be e-flex e-con-boxed e-con e-parent\" data-id=\"937b2be\" data-element_type=\"container\" data-e-type=\"container\">\n\t\t\t\t\t<div class=\"e-con-inner\">\n\t\t<div class=\"elementor-element elementor-element-b9882a2 e-con-full e-flex e-con e-child\" data-id=\"b9882a2\" data-element_type=\"container\" data-e-type=\"container\" data-settings=\"{&quot;background_background&quot;:&quot;slideshow&quot;,&quot;background_slideshow_transition_duration&quot;:1000,&quot;background_slideshow_gallery&quot;:[],&quot;background_slideshow_loop&quot;:&quot;yes&quot;,&quot;background_slideshow_slide_duration&quot;:5000,&quot;background_slideshow_slide_transition&quot;:&quot;fade&quot;}\">\n\t\t\t\t<div class=\"elementor-element elementor-element-b6802d3 elementor-widget elementor-widget-video\" data-id=\"b6802d3\" data-element_type=\"widget\" data-e-type=\"widget\" data-settings=\"{&quot;youtube_url&quot;:&quot;https:\\\/\\\/www.youtube.com\\\/watch?v=MDoBLMGx2eA&quot;,&quot;lazy_load&quot;:&quot;yes&quot;,&quot;video_type&quot;:&quot;youtube&quot;,&quot;controls&quot;:&quot;yes&quot;}\" data-widget_type=\"video.default\">\n\t\t\t\t<div class=\"elementor-widget-container\">\n\t\t\t\t\t\t\t<div class=\"elementor-wrapper elementor-open-inline\">\n\t\t\t<div class=\"elementor-video\"><\/div>\t\t<\/div>\n\t\t\t\t\t\t<\/div>\n\t\t\t\t<\/div>\n\t\t\t\t<div class=\"elementor-element elementor-element-37d5327 elementor-widget elementor-widget-text-editor\" data-id=\"37d5327\" data-element_type=\"widget\" data-e-type=\"widget\" data-widget_type=\"text-editor.default\">\n\t\t\t\t<div class=\"elementor-widget-container\">\n\t\t\t\t\t\t\t\t\tModular Water Treatment Systems\t\t\t\t\t\t\t\t<\/div>\n\t\t\t\t<\/div>\n\t\t\t\t<\/div>\n\t\t<div class=\"elementor-element elementor-element-27aa894 e-con-full e-flex e-con e-child\" data-id=\"27aa894\" data-element_type=\"container\" data-e-type=\"container\" data-settings=\"{&quot;background_background&quot;:&quot;slideshow&quot;,&quot;background_slideshow_transition_duration&quot;:1000,&quot;background_slideshow_gallery&quot;:[],&quot;background_slideshow_loop&quot;:&quot;yes&quot;,&quot;background_slideshow_slide_duration&quot;:5000,&quot;background_slideshow_slide_transition&quot;:&quot;fade&quot;}\">\n\t\t\t\t<div class=\"elementor-element elementor-element-7fc7c4d elementor-widget elementor-widget-video\" data-id=\"7fc7c4d\" data-element_type=\"widget\" data-e-type=\"widget\" data-settings=\"{&quot;youtube_url&quot;:&quot;https:\\\/\\\/www.youtube.com\\\/watch?v=VU_uGopEdlQ&quot;,&quot;lazy_load&quot;:&quot;yes&quot;,&quot;video_type&quot;:&quot;youtube&quot;,&quot;controls&quot;:&quot;yes&quot;}\" data-widget_type=\"video.default\">\n\t\t\t\t<div class=\"elementor-widget-container\">\n\t\t\t\t\t\t\t<div class=\"elementor-wrapper elementor-open-inline\">\n\t\t\t<div class=\"elementor-video\"><\/div>\t\t<\/div>\n\t\t\t\t\t\t<\/div>\n\t\t\t\t<\/div>\n\t\t\t\t<div class=\"elementor-element elementor-element-0acf16a elementor-widget elementor-widget-text-editor\" data-id=\"0acf16a\" data-element_type=\"widget\" data-e-type=\"widget\" data-widget_type=\"text-editor.default\">\n\t\t\t\t<div class=\"elementor-widget-container\">\n\t\t\t\t\t\t\t\t\tWater Analysis in Angola\t\t\t\t\t\t\t\t<\/div>\n\t\t\t\t<\/div>\n\t\t\t\t<\/div>\n\t\t\t\t\t<\/div>\n\t\t\t\t<\/div>\n\t\t\t\t<\/div>","protected":false},"excerpt":{"rendered":"<p>Videos https:\/\/www.youtube.com\/watch?v=aPOy7JP7xhA Pump and Valve Repair and Maintenance Workshop https:\/\/www.youtube.com\/watch?v=3_b5skRir8gSelected and Calibrated Sandshttps:\/\/www.youtube.com\/watch?v=MDoBLMGx2eAModular Water Treatment Systemshttps:\/\/www.youtube.com\/watch?v=VU_uGopEdlQWater Analysis in Angola<\/p>","protected":false},"author":4,"featured_media":0,"parent":0,"menu_order":0,"comment_status":"closed","ping_status":"closed","template":"","meta":{"footnotes":""},"class_list":["post-9759","page","type-page","status-publish","hentry"],"yoast_head":"<!-- This site is optimized with the Yoast SEO plugin v27.4 - https:\/\/yoast.com\/product\/yoast-seo-wordpress\/ -->\n<title>V\u00eddeos - ECOFIRMA Internacional<\/title>\n<meta name=\"robots\" content=\"index, follow, max-snippet:-1, max-image-preview:large, max-video-preview:-1\" \/>\n<link rel=\"canonical\" href=\"https:\/\/novoecofirmail.erudis.pt\/videos\/\" \/>\n<meta property=\"og:locale\" content=\"en_GB\" \/>\n<meta property=\"og:type\" content=\"article\" \/>\n<meta property=\"og:title\" content=\"V\u00eddeos - ECOFIRMA Internacional\" \/>\n<meta property=\"og:description\" content=\"V\u00eddeos https:\/\/www.youtube.com\/watch?v=aPOy7JP7xhA Oficina de Repara\u00e7\u00e3o e Manuten\u00e7\u00e3o de Bombas e V\u00e1lvulas https:\/\/www.youtube.com\/watch?v=3_b5skRir8gAreias Selecionadas e Calibradashttps:\/\/www.youtube.com\/watch?v=MDoBLMGx2eASistemas Modulares de Tratamento de \u00c1guahttps:\/\/www.youtube.com\/watch?v=VU_uGopEdlQAn\u00e1lises de \u00c1gua em Angola\" \/>\n<meta property=\"og:url\" content=\"https:\/\/novoecofirmail.erudis.pt\/videos\/\" \/>\n<meta property=\"og:site_name\" content=\"ECOFIRMA Internacional\" \/>\n<meta property=\"article:publisher\" content=\"https:\/\/www.facebook.com\/EcoEcofirma\" \/>\n<meta property=\"article:modified_time\" content=\"2025-08-22T07:02:18+00:00\" \/>\n<meta name=\"twitter:card\" content=\"summary_large_image\" \/>\n<meta name=\"twitter:label1\" content=\"Estimated reading time\" \/>\n\t<meta name=\"twitter:data1\" content=\"1 minute\" \/>\n<script type=\"application\/ld+json\" class=\"yoast-schema-graph\">{\"@context\":\"https:\\\/\\\/schema.org\",\"@graph\":[{\"@type\":\"WebPage\",\"@id\":\"https:\\\/\\\/novoecofirmail.erudis.pt\\\/videos\\\/\",\"url\":\"https:\\\/\\\/novoecofirmail.erudis.pt\\\/videos\\\/\",\"name\":\"V\u00eddeos - ECOFIRMA Internacional\",\"isPartOf\":{\"@id\":\"https:\\\/\\\/novoecofirmail.erudis.pt\\\/#website\"},\"datePublished\":\"2024-10-26T10:09:31+00:00\",\"dateModified\":\"2025-08-22T07:02:18+00:00\",\"breadcrumb\":{\"@id\":\"https:\\\/\\\/novoecofirmail.erudis.pt\\\/videos\\\/#breadcrumb\"},\"inLanguage\":\"en-GB\",\"potentialAction\":[{\"@type\":\"ReadAction\",\"target\":[\"https:\\\/\\\/novoecofirmail.erudis.pt\\\/videos\\\/\"]}]},{\"@type\":\"BreadcrumbList\",\"@id\":\"https:\\\/\\\/novoecofirmail.erudis.pt\\\/videos\\\/#breadcrumb\",\"itemListElement\":[{\"@type\":\"ListItem\",\"position\":1,\"name\":\"In\u00edcio\",\"item\":\"https:\\\/\\\/novoecofirmail.erudis.pt\\\/\"},{\"@type\":\"ListItem\",\"position\":2,\"name\":\"V\u00eddeos\"}]},{\"@type\":\"WebSite\",\"@id\":\"https:\\\/\\\/novoecofirmail.erudis.pt\\\/#website\",\"url\":\"https:\\\/\\\/novoecofirmail.erudis.pt\\\/\",\"name\":\"ECOFIRMA Internacional\",\"description\":\"Ligamos engenharia, \u00e1gua e sustentabilidade em projetos de elevada exig\u00eancia t\u00e9cnica\",\"publisher\":{\"@id\":\"https:\\\/\\\/novoecofirmail.erudis.pt\\\/#organization\"},\"potentialAction\":[{\"@type\":\"SearchAction\",\"target\":{\"@type\":\"EntryPoint\",\"urlTemplate\":\"https:\\\/\\\/novoecofirmail.erudis.pt\\\/?s={search_term_string}\"},\"query-input\":{\"@type\":\"PropertyValueSpecification\",\"valueRequired\":true,\"valueName\":\"search_term_string\"}}],\"inLanguage\":\"en-GB\"},{\"@type\":\"Organization\",\"@id\":\"https:\\\/\\\/novoecofirmail.erudis.pt\\\/#organization\",\"name\":\"ECOFIRMA Internacional\",\"url\":\"https:\\\/\\\/novoecofirmail.erudis.pt\\\/\",\"logo\":{\"@type\":\"ImageObject\",\"inLanguage\":\"en-GB\",\"@id\":\"https:\\\/\\\/novoecofirmail.erudis.pt\\\/#\\\/schema\\\/logo\\\/image\\\/\",\"url\":\"https:\\\/\\\/www.ecofirmail.com\\\/wp-content\\\/uploads\\\/2021\\\/11\\\/ECOFIRMA-INTERNACIONAL-EIL-logo.png\",\"contentUrl\":\"https:\\\/\\\/www.ecofirmail.com\\\/wp-content\\\/uploads\\\/2021\\\/11\\\/ECOFIRMA-INTERNACIONAL-EIL-logo.png\",\"width\":1599,\"height\":675,\"caption\":\"ECOFIRMA Internacional\"},\"image\":{\"@id\":\"https:\\\/\\\/novoecofirmail.erudis.pt\\\/#\\\/schema\\\/logo\\\/image\\\/\"},\"sameAs\":[\"https:\\\/\\\/www.facebook.com\\\/EcoEcofirma\",\"https:\\\/\\\/www.linkedin.com\\\/company\\\/grupoecofirma\"]}]}<\/script>\n<!-- \/ Yoast SEO plugin. -->","yoast_head_json":{"title":"V\u00eddeos - ECOFIRMA Internacional","robots":{"index":"index","follow":"follow","max-snippet":"max-snippet:-1","max-image-preview":"max-image-preview:large","max-video-preview":"max-video-preview:-1"},"canonical":"https:\/\/novoecofirmail.erudis.pt\/videos\/","og_locale":"en_GB","og_type":"article","og_title":"V\u00eddeos - ECOFIRMA Internacional","og_description":"V\u00eddeos https:\/\/www.youtube.com\/watch?v=aPOy7JP7xhA Oficina de Repara\u00e7\u00e3o e Manuten\u00e7\u00e3o de Bombas e V\u00e1lvulas https:\/\/www.youtube.com\/watch?v=3_b5skRir8gAreias Selecionadas e Calibradashttps:\/\/www.youtube.com\/watch?v=MDoBLMGx2eASistemas Modulares de Tratamento de \u00c1guahttps:\/\/www.youtube.com\/watch?v=VU_uGopEdlQAn\u00e1lises de \u00c1gua em Angola","og_url":"https:\/\/novoecofirmail.erudis.pt\/videos\/","og_site_name":"ECOFIRMA Internacional","article_publisher":"https:\/\/www.facebook.com\/EcoEcofirma","article_modified_time":"2025-08-22T07:02:18+00:00","twitter_card":"summary_large_image","twitter_misc":{"Estimated reading time":"1 minute"},"schema":{"@context":"https:\/\/schema.org","@graph":[{"@type":"WebPage","@id":"https:\/\/novoecofirmail.erudis.pt\/videos\/","url":"https:\/\/novoecofirmail.erudis.pt\/videos\/","name":"V\u00eddeos - ECOFIRMA Internacional","isPartOf":{"@id":"https:\/\/novoecofirmail.erudis.pt\/#website"},"datePublished":"2024-10-26T10:09:31+00:00","dateModified":"2025-08-22T07:02:18+00:00","breadcrumb":{"@id":"https:\/\/novoecofirmail.erudis.pt\/videos\/#breadcrumb"},"inLanguage":"en-GB","potentialAction":[{"@type":"ReadAction","target":["https:\/\/novoecofirmail.erudis.pt\/videos\/"]}]},{"@type":"BreadcrumbList","@id":"https:\/\/novoecofirmail.erudis.pt\/videos\/#breadcrumb","itemListElement":[{"@type":"ListItem","position":1,"name":"In\u00edcio","item":"https:\/\/novoecofirmail.erudis.pt\/"},{"@type":"ListItem","position":2,"name":"V\u00eddeos"}]},{"@type":"WebSite","@id":"https:\/\/novoecofirmail.erudis.pt\/#website","url":"https:\/\/novoecofirmail.erudis.pt\/","name":"ECOFIRMA Internacional","description":"Ligamos engenharia, \u00e1gua e sustentabilidade em projetos de elevada exig\u00eancia t\u00e9cnica","publisher":{"@id":"https:\/\/novoecofirmail.erudis.pt\/#organization"},"potentialAction":[{"@type":"SearchAction","target":{"@type":"EntryPoint","urlTemplate":"https:\/\/novoecofirmail.erudis.pt\/?s={search_term_string}"},"query-input":{"@type":"PropertyValueSpecification","valueRequired":true,"valueName":"search_term_string"}}],"inLanguage":"en-GB"},{"@type":"Organization","@id":"https:\/\/novoecofirmail.erudis.pt\/#organization","name":"ECOFIRMA Internacional","url":"https:\/\/novoecofirmail.erudis.pt\/","logo":{"@type":"ImageObject","inLanguage":"en-GB","@id":"https:\/\/novoecofirmail.erudis.pt\/#\/schema\/logo\/image\/","url":"https:\/\/www.ecofirmail.com\/wp-content\/uploads\/2021\/11\/ECOFIRMA-INTERNACIONAL-EIL-logo.png","contentUrl":"https:\/\/www.ecofirmail.com\/wp-content\/uploads\/2021\/11\/ECOFIRMA-INTERNACIONAL-EIL-logo.png","width":1599,"height":675,"caption":"ECOFIRMA Internacional"},"image":{"@id":"https:\/\/novoecofirmail.erudis.pt\/#\/schema\/logo\/image\/"},"sameAs":["https:\/\/www.facebook.com\/EcoEcofirma","https:\/\/www.linkedin.com\/company\/grupoecofirma"]}]}},"_links":{"self":[{"href":"https:\/\/www.ecofirmail.com\/en\/wp-json\/wp\/v2\/pages\/9759","targetHints":{"allow":["GET"]}}],"collection":[{"href":"https:\/\/www.ecofirmail.com\/en\/wp-json\/wp\/v2\/pages"}],"about":[{"href":"https:\/\/www.ecofirmail.com\/en\/wp-json\/wp\/v2\/types\/page"}],"author":[{"embeddable":true,"href":"https:\/\/www.ecofirmail.com\/en\/wp-json\/wp\/v2\/users\/4"}],"replies":[{"embeddable":true,"href":"https:\/\/www.ecofirmail.com\/en\/wp-json\/wp\/v2\/comments?post=9759"}],"version-history":[{"count":10,"href":"https:\/\/www.ecofirmail.com\/en\/wp-json\/wp\/v2\/pages\/9759\/revisions"}],"predecessor-version":[{"id":9844,"href":"https:\/\/www.ecofirmail.com\/en\/wp-json\/wp\/v2\/pages\/9759\/revisions\/9844"}],"wp:attachment":[{"href":"https:\/\/www.ecofirmail.com\/en\/wp-json\/wp\/v2\/media?parent=9759"}],"curies":[{"name":"wp","href":"https:\/\/api.w.org\/{rel}","templated":true}]}}