{"id":7240,"date":"2023-04-14T16:02:00","date_gmt":"2023-04-14T15:02:00","guid":{"rendered":"https:\/\/novoecofirmail.erudis.pt\/?page_id=7240"},"modified":"2026-04-08T12:15:56","modified_gmt":"2026-04-08T11:15:56","slug":"blog","status":"publish","type":"page","link":"https:\/\/www.ecofirmail.com\/en\/blog\/","title":{"rendered":"Blog"},"content":{"rendered":"<div data-elementor-type=\"wp-page\" data-elementor-id=\"7240\" class=\"elementor elementor-7240\" data-elementor-post-type=\"page\">\n\t\t\t\t<div class=\"elementor-element elementor-element-cb06f07 e-con-full e-flex e-con e-parent\" data-id=\"cb06f07\" data-element_type=\"container\" data-e-type=\"container\" data-settings=\"{&quot;background_background&quot;:&quot;classic&quot;}\">\n\t\t<div class=\"elementor-element elementor-element-78376c9 e-flex e-con-boxed e-con e-child\" data-id=\"78376c9\" data-element_type=\"container\" data-e-type=\"container\">\n\t\t\t\t\t<div class=\"e-con-inner\">\n\t\t\t\t<div class=\"elementor-element elementor-element-9816705 elementor-widget elementor-widget-text-editor\" data-id=\"9816705\" data-element_type=\"widget\" data-e-type=\"widget\" data-widget_type=\"text-editor.default\">\n\t\t\t\t<div class=\"elementor-widget-container\">\n\t\t\t\t\t\t\t\t\t<p>BLOG<\/p>\t\t\t\t\t\t\t\t<\/div>\n\t\t\t\t<\/div>\n\t\t\t\t\t<\/div>\n\t\t\t\t<\/div>\n\t\t\t\t<\/div>\n\t\t<div class=\"elementor-element elementor-element-1bb5e5a e-con-full e-flex e-con e-parent\" data-id=\"1bb5e5a\" data-element_type=\"container\" data-e-type=\"container\">\n\t\t\t\t<div class=\"elementor-element elementor-element-011c82a elementor-grid-3 elementor-grid-tablet-2 elementor-grid-mobile-1 elementor-posts--thumbnail-top elementor-card-shadow-yes elementor-posts__hover-gradient elementor-widget elementor-widget-posts\" data-id=\"011c82a\" data-element_type=\"widget\" data-e-type=\"widget\" data-settings=\"{&quot;cards_columns&quot;:&quot;3&quot;,&quot;cards_columns_tablet&quot;:&quot;2&quot;,&quot;cards_columns_mobile&quot;:&quot;1&quot;,&quot;cards_row_gap&quot;:{&quot;unit&quot;:&quot;px&quot;,&quot;size&quot;:35,&quot;sizes&quot;:[]},&quot;cards_row_gap_tablet&quot;:{&quot;unit&quot;:&quot;px&quot;,&quot;size&quot;:&quot;&quot;,&quot;sizes&quot;:[]},&quot;cards_row_gap_mobile&quot;:{&quot;unit&quot;:&quot;px&quot;,&quot;size&quot;:&quot;&quot;,&quot;sizes&quot;:[]}}\" data-widget_type=\"posts.cards\">\n\t\t\t\t<div class=\"elementor-widget-container\">\n\t\t\t\t\t\t\t<div class=\"elementor-posts-container elementor-posts elementor-posts--skin-cards elementor-grid\" role=\"list\">\n\t\t\t\t<article class=\"elementor-post elementor-grid-item post-10203 post type-post status-publish format-standard has-post-thumbnail hentry category-internacionalizacao category-logistica\" role=\"listitem\">\n\t\t\t<div class=\"elementor-post__card\">\n\t\t\t\t<a class=\"elementor-post__thumbnail__link\" href=\"https:\/\/www.ecofirmail.com\/en\/logistica-internacional-informacao\/\" tabindex=\"-1\" target=\"_blank\"><div class=\"elementor-post__thumbnail\"><img fetchpriority=\"high\" decoding=\"async\" width=\"1920\" height=\"1279\" src=\"https:\/\/www.ecofirmail.com\/wp-content\/uploads\/2026\/04\/10.jpg\" class=\"attachment-full size-full wp-image-10209\" alt=\"\" srcset=\"https:\/\/www.ecofirmail.com\/wp-content\/uploads\/2026\/04\/10.jpg 1920w, https:\/\/www.ecofirmail.com\/wp-content\/uploads\/2026\/04\/10-400x266.jpg 400w, https:\/\/www.ecofirmail.com\/wp-content\/uploads\/2026\/04\/10-1024x682.jpg 1024w, https:\/\/www.ecofirmail.com\/wp-content\/uploads\/2026\/04\/10-768x512.jpg 768w, https:\/\/www.ecofirmail.com\/wp-content\/uploads\/2026\/04\/10-1536x1023.jpg 1536w, https:\/\/www.ecofirmail.com\/wp-content\/uploads\/2026\/04\/10-18x12.jpg 18w\" sizes=\"(max-width: 1920px) 100vw, 1920px\" \/><\/div><\/a>\n\t\t\t\t<div class=\"elementor-post__badge\">Internacionaliza\u00e7\u00e3o<\/div>\n\t\t\t\t<div class=\"elementor-post__text\">\n\t\t\t\t<h3 class=\"elementor-post__title\">\n\t\t\t<a href=\"https:\/\/www.ecofirmail.com\/en\/logistica-internacional-informacao\/\" target=\"&quot;_blank&quot;\">\n\t\t\t\tLog\u00edstica internacional: o que as empresas precisam de saber antes de exportar\t\t\t<\/a>\n\t\t<\/h3>\n\t\t\t\t<div class=\"elementor-post__excerpt\">\n\t\t\t<p>A log\u00edstica internacional \u00e9 um fator cr\u00edtico no processo de exporta\u00e7\u00e3o. Descubra os principais desafios, etapas e boas pr\u00e1ticas para garantir opera\u00e7\u00f5es eficientes e seguras em mercados externos.<\/p>\n\t\t<\/div>\n\t\t\t\t\t<div class=\"elementor-post__read-more-wrapper\">\n\t\t\n\t\t<a class=\"elementor-post__read-more\" href=\"https:\/\/www.ecofirmail.com\/en\/logistica-internacional-informacao\/\" aria-label=\"Read more about Log\u00edstica internacional: o que as empresas precisam de saber antes de exportar\" tabindex=\"-1\" target=\"_blank\">\n\t\t\tRead more\t\t<\/a>\n\n\t\t\t\t\t<\/div>\n\t\t\t\t<\/div>\n\t\t\t\t\t<\/div>\n\t\t<\/article>\n\t\t\t\t<article class=\"elementor-post elementor-grid-item post-10181 post type-post status-publish format-standard has-post-thumbnail hentry category-barragens category-engenharia category-manutencao category-reservatorios\" role=\"listitem\">\n\t\t\t<div class=\"elementor-post__card\">\n\t\t\t\t<a class=\"elementor-post__thumbnail__link\" href=\"https:\/\/www.ecofirmail.com\/en\/importancia-manutencao-infraestruturas-hidraulicas\/\" tabindex=\"-1\" target=\"_blank\"><div class=\"elementor-post__thumbnail\"><img decoding=\"async\" width=\"1920\" height=\"1440\" src=\"https:\/\/www.ecofirmail.com\/wp-content\/uploads\/2026\/04\/7.jpg\" class=\"attachment-full size-full wp-image-10189\" alt=\"\" srcset=\"https:\/\/www.ecofirmail.com\/wp-content\/uploads\/2026\/04\/7.jpg 1920w, https:\/\/www.ecofirmail.com\/wp-content\/uploads\/2026\/04\/7-400x300.jpg 400w, https:\/\/www.ecofirmail.com\/wp-content\/uploads\/2026\/04\/7-1024x768.jpg 1024w, https:\/\/www.ecofirmail.com\/wp-content\/uploads\/2026\/04\/7-768x576.jpg 768w, https:\/\/www.ecofirmail.com\/wp-content\/uploads\/2026\/04\/7-1536x1152.jpg 1536w, https:\/\/www.ecofirmail.com\/wp-content\/uploads\/2026\/04\/7-16x12.jpg 16w\" sizes=\"(max-width: 1920px) 100vw, 1920px\" \/><\/div><\/a>\n\t\t\t\t<div class=\"elementor-post__badge\">Dams<\/div>\n\t\t\t\t<div class=\"elementor-post__text\">\n\t\t\t\t<h3 class=\"elementor-post__title\">\n\t\t\t<a href=\"https:\/\/www.ecofirmail.com\/en\/importancia-manutencao-infraestruturas-hidraulicas\/\" target=\"&quot;_blank&quot;\">\n\t\t\t\tImport\u00e2ncia da manuten\u00e7\u00e3o e reabilita\u00e7\u00e3o de infraestruturas hidr\u00e1ulicas\t\t\t<\/a>\n\t\t<\/h3>\n\t\t\t\t<div class=\"elementor-post__excerpt\">\n\t\t\t<p>A manuten\u00e7\u00e3o e reabilita\u00e7\u00e3o de infraestruturas hidr\u00e1ulicas s\u00e3o essenciais para garantir a efici\u00eancia, seguran\u00e7a e durabilidade dos sistemas de \u00e1gua. Este artigo aborda os principais riscos associados \u00e0 falta de manuten\u00e7\u00e3o e a import\u00e2ncia de uma abordagem estruturada na identifica\u00e7\u00e3o e resolu\u00e7\u00e3o de problemas.<\/p>\n<p>Descubra como interven\u00e7\u00f5es t\u00e9cnicas adequadas, equipas qualificadas e processos coordenados permitem prolongar a vida \u00fatil das infraestruturas e assegurar o funcionamento cont\u00ednuo dos sistemas em diferentes contextos.<\/p>\n\t\t<\/div>\n\t\t\t\t\t<div class=\"elementor-post__read-more-wrapper\">\n\t\t\n\t\t<a class=\"elementor-post__read-more\" href=\"https:\/\/www.ecofirmail.com\/en\/importancia-manutencao-infraestruturas-hidraulicas\/\" aria-label=\"Read more about Import\u00e2ncia da manuten\u00e7\u00e3o e reabilita\u00e7\u00e3o de infraestruturas hidr\u00e1ulicas\" tabindex=\"-1\" target=\"_blank\">\n\t\t\tRead more\t\t<\/a>\n\n\t\t\t\t\t<\/div>\n\t\t\t\t<\/div>\n\t\t\t\t\t<\/div>\n\t\t<\/article>\n\t\t\t\t<article class=\"elementor-post elementor-grid-item post-10136 post type-post status-publish format-standard has-post-thumbnail hentry category-internacionalizacao\" role=\"listitem\">\n\t\t\t<div class=\"elementor-post__card\">\n\t\t\t\t<a class=\"elementor-post__thumbnail__link\" href=\"https:\/\/www.ecofirmail.com\/en\/como-internacionalizar-solucoes-tecnicas-no-setor-da-agua\/\" tabindex=\"-1\" target=\"_blank\"><div class=\"elementor-post__thumbnail\"><img decoding=\"async\" width=\"1920\" height=\"784\" src=\"https:\/\/www.ecofirmail.com\/wp-content\/uploads\/2026\/04\/2.jpg\" class=\"attachment-full size-full wp-image-10168\" alt=\"\" srcset=\"https:\/\/www.ecofirmail.com\/wp-content\/uploads\/2026\/04\/2.jpg 1920w, https:\/\/www.ecofirmail.com\/wp-content\/uploads\/2026\/04\/2-400x163.jpg 400w, https:\/\/www.ecofirmail.com\/wp-content\/uploads\/2026\/04\/2-1024x418.jpg 1024w, https:\/\/www.ecofirmail.com\/wp-content\/uploads\/2026\/04\/2-768x314.jpg 768w, https:\/\/www.ecofirmail.com\/wp-content\/uploads\/2026\/04\/2-1536x627.jpg 1536w, https:\/\/www.ecofirmail.com\/wp-content\/uploads\/2026\/04\/2-18x7.jpg 18w\" sizes=\"(max-width: 1920px) 100vw, 1920px\" \/><\/div><\/a>\n\t\t\t\t<div class=\"elementor-post__badge\">Internacionaliza\u00e7\u00e3o<\/div>\n\t\t\t\t<div class=\"elementor-post__text\">\n\t\t\t\t<h3 class=\"elementor-post__title\">\n\t\t\t<a href=\"https:\/\/www.ecofirmail.com\/en\/como-internacionalizar-solucoes-tecnicas-no-setor-da-agua\/\" target=\"&quot;_blank&quot;\">\n\t\t\t\tComo internacionalizar solu\u00e7\u00f5es t\u00e9cnicas no setor da \u00e1gua\t\t\t<\/a>\n\t\t<\/h3>\n\t\t\t\t<div class=\"elementor-post__excerpt\">\n\t\t\t<p>A internacionaliza\u00e7\u00e3o de solu\u00e7\u00f5es t\u00e9cnicas no setor da \u00e1gua exige planeamento, conhecimento especializado e uma abordagem integrada. Este artigo explora os principais desafios da exporta\u00e7\u00e3o de servi\u00e7os e infraestruturas hidr\u00e1ulicas, desde a adapta\u00e7\u00e3o a requisitos t\u00e9cnicos e regulamentares at\u00e9 \u00e0 coordena\u00e7\u00e3o log\u00edstica e operacional em diferentes mercados.<\/p>\n<p>Descubra como estruturar processos de internacionaliza\u00e7\u00e3o de forma eficiente, reduzir riscos e garantir a qualidade na implementa\u00e7\u00e3o de projetos, com o apoio de uma abordagem t\u00e9cnica, coordenada e orientada para a sustentabilidade e o longo prazo.<\/p>\n\t\t<\/div>\n\t\t\t\t\t<div class=\"elementor-post__read-more-wrapper\">\n\t\t\n\t\t<a class=\"elementor-post__read-more\" href=\"https:\/\/www.ecofirmail.com\/en\/como-internacionalizar-solucoes-tecnicas-no-setor-da-agua\/\" aria-label=\"Read more about Como internacionalizar solu\u00e7\u00f5es t\u00e9cnicas no setor da \u00e1gua\" tabindex=\"-1\" target=\"_blank\">\n\t\t\tRead more\t\t<\/a>\n\n\t\t\t\t\t<\/div>\n\t\t\t\t<\/div>\n\t\t\t\t\t<\/div>\n\t\t<\/article>\n\t\t\t\t<article class=\"elementor-post elementor-grid-item post-10119 post type-post status-publish format-standard has-post-thumbnail hentry category-engenharia category-logistica\" role=\"listitem\">\n\t\t\t<div class=\"elementor-post__card\">\n\t\t\t\t<a class=\"elementor-post__thumbnail__link\" href=\"https:\/\/www.ecofirmail.com\/en\/solucoes-gestao-agua\/\" tabindex=\"-1\" target=\"_blank\"><div class=\"elementor-post__thumbnail\"><img loading=\"lazy\" decoding=\"async\" width=\"1200\" height=\"801\" src=\"https:\/\/www.ecofirmail.com\/wp-content\/uploads\/2026\/02\/1.jpg\" class=\"attachment-full size-full wp-image-10011\" alt=\"\" srcset=\"https:\/\/www.ecofirmail.com\/wp-content\/uploads\/2026\/02\/1.jpg 1200w, https:\/\/www.ecofirmail.com\/wp-content\/uploads\/2026\/02\/1-400x267.jpg 400w, https:\/\/www.ecofirmail.com\/wp-content\/uploads\/2026\/02\/1-1024x684.jpg 1024w, https:\/\/www.ecofirmail.com\/wp-content\/uploads\/2026\/02\/1-768x513.jpg 768w, https:\/\/www.ecofirmail.com\/wp-content\/uploads\/2026\/02\/1-18x12.jpg 18w\" sizes=\"(max-width: 1200px) 100vw, 1200px\" \/><\/div><\/a>\n\t\t\t\t<div class=\"elementor-post__badge\">Engenharia<\/div>\n\t\t\t\t<div class=\"elementor-post__text\">\n\t\t\t\t<h3 class=\"elementor-post__title\">\n\t\t\t<a href=\"https:\/\/www.ecofirmail.com\/en\/solucoes-gestao-agua\/\" target=\"&quot;_blank&quot;\">\n\t\t\t\tEngenharia, coordena\u00e7\u00e3o e solu\u00e7\u00f5es integradas para a gest\u00e3o da \u00e1gua\t\t\t<\/a>\n\t\t<\/h3>\n\t\t\t\t<div class=\"elementor-post__excerpt\">\n\t\t\t<p>A gest\u00e3o eficiente da \u00e1gua \u00e9 hoje um dos maiores desafios t\u00e9cnicos, ambientais e sociais \u00e0 escala global.<\/p>\n<p>O crescimento urbano, a press\u00e3o sobre os recursos naturais e a necessidade de infraestruturas resilientes exigem solu\u00e7\u00f5es cada vez mais especializadas, rigorosas e sustent\u00e1veis.<\/p>\n\t\t<\/div>\n\t\t\t\t\t<div class=\"elementor-post__read-more-wrapper\">\n\t\t\n\t\t<a class=\"elementor-post__read-more\" href=\"https:\/\/www.ecofirmail.com\/en\/solucoes-gestao-agua\/\" aria-label=\"Read more about Engenharia, coordena\u00e7\u00e3o e solu\u00e7\u00f5es integradas para a gest\u00e3o da \u00e1gua\" tabindex=\"-1\" target=\"_blank\">\n\t\t\tRead more\t\t<\/a>\n\n\t\t\t\t\t<\/div>\n\t\t\t\t<\/div>\n\t\t\t\t\t<\/div>\n\t\t<\/article>\n\t\t\t\t<article class=\"elementor-post elementor-grid-item post-9695 post type-post status-publish format-standard has-post-thumbnail hentry category-sustentabilidade\" role=\"listitem\">\n\t\t\t<div class=\"elementor-post__card\">\n\t\t\t\t<a class=\"elementor-post__thumbnail__link\" href=\"https:\/\/www.ecofirmail.com\/en\/grupo-ecofirma-pioneiros-na-sustentabilidade-empresarial-e-ambiental\/\" tabindex=\"-1\" target=\"_blank\"><div class=\"elementor-post__thumbnail\"><img loading=\"lazy\" decoding=\"async\" width=\"1920\" height=\"1280\" src=\"https:\/\/www.ecofirmail.com\/wp-content\/uploads\/2024\/08\/ECOFIRMA-barragens-reservatorios-injeccoes-piscinas-agua-ETA-ETAR-reabilitacao-impermeabilizacao-perfuracao-estruturas-ecologia-1.jpg\" class=\"attachment-full size-full wp-image-9703\" alt=\"\" srcset=\"https:\/\/www.ecofirmail.com\/wp-content\/uploads\/2024\/08\/ECOFIRMA-barragens-reservatorios-injeccoes-piscinas-agua-ETA-ETAR-reabilitacao-impermeabilizacao-perfuracao-estruturas-ecologia-1.jpg 1920w, https:\/\/www.ecofirmail.com\/wp-content\/uploads\/2024\/08\/ECOFIRMA-barragens-reservatorios-injeccoes-piscinas-agua-ETA-ETAR-reabilitacao-impermeabilizacao-perfuracao-estruturas-ecologia-1-400x267.jpg 400w, https:\/\/www.ecofirmail.com\/wp-content\/uploads\/2024\/08\/ECOFIRMA-barragens-reservatorios-injeccoes-piscinas-agua-ETA-ETAR-reabilitacao-impermeabilizacao-perfuracao-estruturas-ecologia-1-1024x683.jpg 1024w, https:\/\/www.ecofirmail.com\/wp-content\/uploads\/2024\/08\/ECOFIRMA-barragens-reservatorios-injeccoes-piscinas-agua-ETA-ETAR-reabilitacao-impermeabilizacao-perfuracao-estruturas-ecologia-1-768x512.jpg 768w, https:\/\/www.ecofirmail.com\/wp-content\/uploads\/2024\/08\/ECOFIRMA-barragens-reservatorios-injeccoes-piscinas-agua-ETA-ETAR-reabilitacao-impermeabilizacao-perfuracao-estruturas-ecologia-1-1536x1024.jpg 1536w, https:\/\/www.ecofirmail.com\/wp-content\/uploads\/2024\/08\/ECOFIRMA-barragens-reservatorios-injeccoes-piscinas-agua-ETA-ETAR-reabilitacao-impermeabilizacao-perfuracao-estruturas-ecologia-1-18x12.jpg 18w\" sizes=\"(max-width: 1920px) 100vw, 1920px\" \/><\/div><\/a>\n\t\t\t\t<div class=\"elementor-post__badge\">Sustainability<\/div>\n\t\t\t\t<div class=\"elementor-post__text\">\n\t\t\t\t<h3 class=\"elementor-post__title\">\n\t\t\t<a href=\"https:\/\/www.ecofirmail.com\/en\/grupo-ecofirma-pioneiros-na-sustentabilidade-empresarial-e-ambiental\/\" target=\"&quot;_blank&quot;\">\n\t\t\t\tGRUPO ECOFIRMA &#8211; Pioneiros na Sustentabilidade Empresarial e Ambiental\t\t\t<\/a>\n\t\t<\/h3>\n\t\t\t\t<div class=\"elementor-post__excerpt\">\n\t\t\t<p>A swimming pool offers countless health benefits, serving both as a perfect place for cardiovascular exercise and as a space for incredible moments with family and friends. However, what many people don&#039;t consider is the responsibility involved in having a pool on their property.<\/p>\n\t\t<\/div>\n\t\t\t\t\t<div class=\"elementor-post__read-more-wrapper\">\n\t\t\n\t\t<a class=\"elementor-post__read-more\" href=\"https:\/\/www.ecofirmail.com\/en\/grupo-ecofirma-pioneiros-na-sustentabilidade-empresarial-e-ambiental\/\" aria-label=\"Read more about GRUPO ECOFIRMA &#8211; Pioneiros na Sustentabilidade Empresarial e Ambiental\" tabindex=\"-1\" target=\"_blank\">\n\t\t\tRead more\t\t<\/a>\n\n\t\t\t\t\t<\/div>\n\t\t\t\t<\/div>\n\t\t\t\t\t<\/div>\n\t\t<\/article>\n\t\t\t\t<\/div>\n\t\t\n\t\t\t\t\t\t<\/div>\n\t\t\t\t<\/div>\n\t\t\t\t<\/div>\n\t\t\t\t<\/div>","protected":false},"excerpt":{"rendered":"<p>BLOG<\/p>","protected":false},"author":4,"featured_media":0,"parent":0,"menu_order":0,"comment_status":"closed","ping_status":"closed","template":"elementor_header_footer","meta":{"footnotes":""},"class_list":["post-7240","page","type-page","status-publish","hentry"],"yoast_head":"<!-- This site is optimized with the Yoast SEO plugin v27.4 - https:\/\/yoast.com\/product\/yoast-seo-wordpress\/ -->\n<title>Blog - ECOFIRMA Internacional<\/title>\n<meta name=\"robots\" content=\"index, follow, max-snippet:-1, max-image-preview:large, max-video-preview:-1\" \/>\n<link rel=\"canonical\" href=\"https:\/\/novoecofirmail.erudis.pt\/blog\/\" \/>\n<meta property=\"og:locale\" content=\"en_GB\" \/>\n<meta property=\"og:type\" content=\"article\" \/>\n<meta property=\"og:title\" content=\"Blog - ECOFIRMA Internacional\" \/>\n<meta property=\"og:description\" content=\"BLOG\" \/>\n<meta property=\"og:url\" content=\"https:\/\/novoecofirmail.erudis.pt\/blog\/\" \/>\n<meta property=\"og:site_name\" content=\"ECOFIRMA Internacional\" \/>\n<meta property=\"article:publisher\" content=\"https:\/\/www.facebook.com\/EcoEcofirma\" \/>\n<meta property=\"article:modified_time\" content=\"2026-04-08T11:15:56+00:00\" \/>\n<meta name=\"twitter:card\" content=\"summary_large_image\" \/>\n<meta name=\"twitter:label1\" content=\"Estimated reading time\" \/>\n\t<meta name=\"twitter:data1\" content=\"3 minutes\" \/>\n<script type=\"application\/ld+json\" class=\"yoast-schema-graph\">{\"@context\":\"https:\\\/\\\/schema.org\",\"@graph\":[{\"@type\":\"WebPage\",\"@id\":\"https:\\\/\\\/novoecofirmail.erudis.pt\\\/blog\\\/\",\"url\":\"https:\\\/\\\/novoecofirmail.erudis.pt\\\/blog\\\/\",\"name\":\"Blog - ECOFIRMA Internacional\",\"isPartOf\":{\"@id\":\"https:\\\/\\\/novoecofirmail.erudis.pt\\\/#website\"},\"datePublished\":\"2023-04-14T15:02:00+00:00\",\"dateModified\":\"2026-04-08T11:15:56+00:00\",\"breadcrumb\":{\"@id\":\"https:\\\/\\\/novoecofirmail.erudis.pt\\\/blog\\\/#breadcrumb\"},\"inLanguage\":\"en-GB\",\"potentialAction\":[{\"@type\":\"ReadAction\",\"target\":[\"https:\\\/\\\/novoecofirmail.erudis.pt\\\/blog\\\/\"]}]},{\"@type\":\"BreadcrumbList\",\"@id\":\"https:\\\/\\\/novoecofirmail.erudis.pt\\\/blog\\\/#breadcrumb\",\"itemListElement\":[{\"@type\":\"ListItem\",\"position\":1,\"name\":\"In\u00edcio\",\"item\":\"https:\\\/\\\/novoecofirmail.erudis.pt\\\/\"},{\"@type\":\"ListItem\",\"position\":2,\"name\":\"Blog\"}]},{\"@type\":\"WebSite\",\"@id\":\"https:\\\/\\\/novoecofirmail.erudis.pt\\\/#website\",\"url\":\"https:\\\/\\\/novoecofirmail.erudis.pt\\\/\",\"name\":\"ECOFIRMA Internacional\",\"description\":\"Ligamos engenharia, \u00e1gua e sustentabilidade em projetos de elevada exig\u00eancia t\u00e9cnica\",\"publisher\":{\"@id\":\"https:\\\/\\\/novoecofirmail.erudis.pt\\\/#organization\"},\"potentialAction\":[{\"@type\":\"SearchAction\",\"target\":{\"@type\":\"EntryPoint\",\"urlTemplate\":\"https:\\\/\\\/novoecofirmail.erudis.pt\\\/?s={search_term_string}\"},\"query-input\":{\"@type\":\"PropertyValueSpecification\",\"valueRequired\":true,\"valueName\":\"search_term_string\"}}],\"inLanguage\":\"en-GB\"},{\"@type\":\"Organization\",\"@id\":\"https:\\\/\\\/novoecofirmail.erudis.pt\\\/#organization\",\"name\":\"ECOFIRMA Internacional\",\"url\":\"https:\\\/\\\/novoecofirmail.erudis.pt\\\/\",\"logo\":{\"@type\":\"ImageObject\",\"inLanguage\":\"en-GB\",\"@id\":\"https:\\\/\\\/novoecofirmail.erudis.pt\\\/#\\\/schema\\\/logo\\\/image\\\/\",\"url\":\"https:\\\/\\\/www.ecofirmail.com\\\/wp-content\\\/uploads\\\/2021\\\/11\\\/ECOFIRMA-INTERNACIONAL-EIL-logo.png\",\"contentUrl\":\"https:\\\/\\\/www.ecofirmail.com\\\/wp-content\\\/uploads\\\/2021\\\/11\\\/ECOFIRMA-INTERNACIONAL-EIL-logo.png\",\"width\":1599,\"height\":675,\"caption\":\"ECOFIRMA Internacional\"},\"image\":{\"@id\":\"https:\\\/\\\/novoecofirmail.erudis.pt\\\/#\\\/schema\\\/logo\\\/image\\\/\"},\"sameAs\":[\"https:\\\/\\\/www.facebook.com\\\/EcoEcofirma\",\"https:\\\/\\\/www.linkedin.com\\\/company\\\/grupoecofirma\"]}]}<\/script>\n<!-- \/ Yoast SEO plugin. -->","yoast_head_json":{"title":"Blog - ECOFIRMA Internacional","robots":{"index":"index","follow":"follow","max-snippet":"max-snippet:-1","max-image-preview":"max-image-preview:large","max-video-preview":"max-video-preview:-1"},"canonical":"https:\/\/novoecofirmail.erudis.pt\/blog\/","og_locale":"en_GB","og_type":"article","og_title":"Blog - ECOFIRMA Internacional","og_description":"BLOG","og_url":"https:\/\/novoecofirmail.erudis.pt\/blog\/","og_site_name":"ECOFIRMA Internacional","article_publisher":"https:\/\/www.facebook.com\/EcoEcofirma","article_modified_time":"2026-04-08T11:15:56+00:00","twitter_card":"summary_large_image","twitter_misc":{"Estimated reading time":"3 minutes"},"schema":{"@context":"https:\/\/schema.org","@graph":[{"@type":"WebPage","@id":"https:\/\/novoecofirmail.erudis.pt\/blog\/","url":"https:\/\/novoecofirmail.erudis.pt\/blog\/","name":"Blog - ECOFIRMA Internacional","isPartOf":{"@id":"https:\/\/novoecofirmail.erudis.pt\/#website"},"datePublished":"2023-04-14T15:02:00+00:00","dateModified":"2026-04-08T11:15:56+00:00","breadcrumb":{"@id":"https:\/\/novoecofirmail.erudis.pt\/blog\/#breadcrumb"},"inLanguage":"en-GB","potentialAction":[{"@type":"ReadAction","target":["https:\/\/novoecofirmail.erudis.pt\/blog\/"]}]},{"@type":"BreadcrumbList","@id":"https:\/\/novoecofirmail.erudis.pt\/blog\/#breadcrumb","itemListElement":[{"@type":"ListItem","position":1,"name":"In\u00edcio","item":"https:\/\/novoecofirmail.erudis.pt\/"},{"@type":"ListItem","position":2,"name":"Blog"}]},{"@type":"WebSite","@id":"https:\/\/novoecofirmail.erudis.pt\/#website","url":"https:\/\/novoecofirmail.erudis.pt\/","name":"ECOFIRMA Internacional","description":"Ligamos engenharia, \u00e1gua e sustentabilidade em projetos de elevada exig\u00eancia t\u00e9cnica","publisher":{"@id":"https:\/\/novoecofirmail.erudis.pt\/#organization"},"potentialAction":[{"@type":"SearchAction","target":{"@type":"EntryPoint","urlTemplate":"https:\/\/novoecofirmail.erudis.pt\/?s={search_term_string}"},"query-input":{"@type":"PropertyValueSpecification","valueRequired":true,"valueName":"search_term_string"}}],"inLanguage":"en-GB"},{"@type":"Organization","@id":"https:\/\/novoecofirmail.erudis.pt\/#organization","name":"ECOFIRMA Internacional","url":"https:\/\/novoecofirmail.erudis.pt\/","logo":{"@type":"ImageObject","inLanguage":"en-GB","@id":"https:\/\/novoecofirmail.erudis.pt\/#\/schema\/logo\/image\/","url":"https:\/\/www.ecofirmail.com\/wp-content\/uploads\/2021\/11\/ECOFIRMA-INTERNACIONAL-EIL-logo.png","contentUrl":"https:\/\/www.ecofirmail.com\/wp-content\/uploads\/2021\/11\/ECOFIRMA-INTERNACIONAL-EIL-logo.png","width":1599,"height":675,"caption":"ECOFIRMA Internacional"},"image":{"@id":"https:\/\/novoecofirmail.erudis.pt\/#\/schema\/logo\/image\/"},"sameAs":["https:\/\/www.facebook.com\/EcoEcofirma","https:\/\/www.linkedin.com\/company\/grupoecofirma"]}]}},"_links":{"self":[{"href":"https:\/\/www.ecofirmail.com\/en\/wp-json\/wp\/v2\/pages\/7240","targetHints":{"allow":["GET"]}}],"collection":[{"href":"https:\/\/www.ecofirmail.com\/en\/wp-json\/wp\/v2\/pages"}],"about":[{"href":"https:\/\/www.ecofirmail.com\/en\/wp-json\/wp\/v2\/types\/page"}],"author":[{"embeddable":true,"href":"https:\/\/www.ecofirmail.com\/en\/wp-json\/wp\/v2\/users\/4"}],"replies":[{"embeddable":true,"href":"https:\/\/www.ecofirmail.com\/en\/wp-json\/wp\/v2\/comments?post=7240"}],"version-history":[{"count":15,"href":"https:\/\/www.ecofirmail.com\/en\/wp-json\/wp\/v2\/pages\/7240\/revisions"}],"predecessor-version":[{"id":10160,"href":"https:\/\/www.ecofirmail.com\/en\/wp-json\/wp\/v2\/pages\/7240\/revisions\/10160"}],"wp:attachment":[{"href":"https:\/\/www.ecofirmail.com\/en\/wp-json\/wp\/v2\/media?parent=7240"}],"curies":[{"name":"wp","href":"https:\/\/api.w.org\/{rel}","templated":true}]}}