{"id":968,"date":"2017-04-27T16:23:17","date_gmt":"2017-04-27T15:23:17","guid":{"rendered":"http:\/\/www.ecofirmail.com\/en\/?page_id=968"},"modified":"2017-04-27T16:27:37","modified_gmt":"2017-04-27T15:27:37","slug":"ecofirma","status":"publish","type":"page","link":"https:\/\/www.ecofirmail.com\/en\/index.php\/ecofirma\/","title":{"rendered":"Ecofirma"},"content":{"rendered":"<p><iframe title=\"Reabilita\u00e7\u00e3o de Estrutura de Bet\u00e3o - Injec\u00e7\u00e3o de Resinas\" width=\"640\" height=\"360\" src=\"https:\/\/www.youtube.com\/embed\/_nP_jZqXme0?feature=oembed\" frameborder=\"0\" allow=\"accelerometer; autoplay; clipboard-write; encrypted-media; gyroscope; picture-in-picture; web-share\" referrerpolicy=\"strict-origin-when-cross-origin\" allowfullscreen><\/iframe><\/p>\n<p>&nbsp;<\/p>\n","protected":false},"excerpt":{"rendered":"<p>&nbsp;<\/p>\n","protected":false},"author":1,"featured_media":0,"parent":0,"menu_order":0,"comment_status":"closed","ping_status":"closed","template":"","meta":{"footnotes":""},"class_list":["post-968","page","type-page","status-publish","hentry"],"_links":{"self":[{"href":"https:\/\/www.ecofirmail.com\/en\/index.php\/wp-json\/wp\/v2\/pages\/968","targetHints":{"allow":["GET"]}}],"collection":[{"href":"https:\/\/www.ecofirmail.com\/en\/index.php\/wp-json\/wp\/v2\/pages"}],"about":[{"href":"https:\/\/www.ecofirmail.com\/en\/index.php\/wp-json\/wp\/v2\/types\/page"}],"author":[{"embeddable":true,"href":"https:\/\/www.ecofirmail.com\/en\/index.php\/wp-json\/wp\/v2\/users\/1"}],"replies":[{"embeddable":true,"href":"https:\/\/www.ecofirmail.com\/en\/index.php\/wp-json\/wp\/v2\/comments?post=968"}],"version-history":[{"count":0,"href":"https:\/\/www.ecofirmail.com\/en\/index.php\/wp-json\/wp\/v2\/pages\/968\/revisions"}],"wp:attachment":[{"href":"https:\/\/www.ecofirmail.com\/en\/index.php\/wp-json\/wp\/v2\/media?parent=968"}],"curies":[{"name":"wp","href":"https:\/\/api.w.org\/{rel}","templated":true}]}}